{"id":44356,"date":"2024-04-22T20:33:19","date_gmt":"2024-04-23T01:33:19","guid":{"rendered":"https:\/\/tuluminvestor.com\/accueil\/"},"modified":"2024-04-23T12:09:03","modified_gmt":"2024-04-23T17:09:03","slug":"accueil","status":"publish","type":"page","link":"https:\/\/tuluminvestor.com\/fr\/","title":{"rendered":"Accueil"},"content":{"rendered":"\t\t<div data-elementor-type=\"wp-page\" data-elementor-id=\"44356\" class=\"elementor elementor-44356 elementor-20852\">\n\t\t\t\t\t\t<section class=\"elementor-section elementor-top-section elementor-element elementor-element-b147f27 elementor-section-stretched elementor-section-height-min-height elementor-section-boxed elementor-section-height-default elementor-section-items-middle\" data-id=\"b147f27\" data-element_type=\"section\" data-e-type=\"section\" data-settings=\"{&quot;stretch_section&quot;:&quot;section-stretched&quot;,&quot;background_background&quot;:&quot;classic&quot;}\">\n\t\t\t\t\t\t\t<div class=\"elementor-background-overlay\"><\/div>\n\t\t\t\t\t\t\t<div class=\"elementor-container elementor-column-gap-default\">\n\t\t\t\t\t<div class=\"elementor-column elementor-col-100 elementor-top-column elementor-element elementor-element-1c7ef66\" data-id=\"1c7ef66\" data-element_type=\"column\" data-e-type=\"column\">\n\t\t\t<div class=\"elementor-widget-wrap elementor-element-populated\">\n\t\t\t\t\t\t<section class=\"elementor-section elementor-inner-section elementor-element elementor-element-832f136 elementor-section-boxed elementor-section-height-default elementor-section-height-default\" data-id=\"832f136\" data-element_type=\"section\" data-e-type=\"section\">\n\t\t\t\t\t\t<div class=\"elementor-container elementor-column-gap-default\">\n\t\t\t\t\t<div class=\"elementor-column elementor-col-16 elementor-inner-column elementor-element elementor-element-4953fca\" data-id=\"4953fca\" data-element_type=\"column\" data-e-type=\"column\">\n\t\t\t<div class=\"elementor-widget-wrap\">\n\t\t\t\t\t\t\t<\/div>\n\t\t<\/div>\n\t\t\t\t<div class=\"elementor-column elementor-col-66 elementor-inner-column elementor-element elementor-element-b488bd4\" data-id=\"b488bd4\" data-element_type=\"column\" data-e-type=\"column\">\n\t\t\t<div class=\"elementor-widget-wrap elementor-element-populated\">\n\t\t\t\t\t\t<div class=\"elementor-element elementor-element-a85844c elementor-widget elementor-widget-text-editor\" data-id=\"a85844c\" data-element_type=\"widget\" data-e-type=\"widget\" data-widget_type=\"text-editor.default\">\n\t\t\t\t<div class=\"elementor-widget-container\">\n\t\t\t\t\t\t\t\t\t<h1><b>Acheter une propri\u00e9t\u00e9 \u00e0 Tulum, au Mexique ?<\/b><\/h1>\n\t\t\t\t\t\t\t\t<\/div>\n\t\t\t\t<\/div>\n\t\t\t\t<div class=\"elementor-element elementor-element-2a3e48b elementor-button-danger elementor-align-center elementor-widget elementor-widget-button\" data-id=\"2a3e48b\" data-element_type=\"widget\" data-e-type=\"widget\" data-widget_type=\"button.default\">\n\t\t\t\t<div class=\"elementor-widget-container\">\n\t\t\t\t\t\t\t\t\t<div class=\"elementor-button-wrapper\">\n\t\t\t\t\t<a class=\"elementor-button elementor-button-link elementor-size-sm\" href=\"tel:+523319756303\">\n\t\t\t\t\t\t<span class=\"elementor-button-content-wrapper\">\n\t\t\t\t\t\t<span class=\"elementor-button-icon\">\n\t\t\t\t<i aria-hidden=\"true\" class=\"fas fa-phone\"><\/i>\t\t\t<\/span>\n\t\t\t\t\t\t\t\t\t<span class=\"elementor-button-text\">PARLER \u00c0 UN AGENT<\/span>\n\t\t\t\t\t<\/span>\n\t\t\t\t\t<\/a>\n\t\t\t\t<\/div>\n\t\t\t\t\t\t\t\t<\/div>\n\t\t\t\t<\/div>\n\t\t\t\t<div class=\"elementor-element elementor-element-0d9dc65 elementor-button-danger elementor-align-center elementor-widget elementor-widget-button\" data-id=\"0d9dc65\" data-element_type=\"widget\" data-e-type=\"widget\" data-widget_type=\"button.default\">\n\t\t\t\t<div class=\"elementor-widget-container\">\n\t\t\t\t\t\t\t\t\t<div class=\"elementor-button-wrapper\">\n\t\t\t\t\t<a class=\"elementor-button elementor-button-link elementor-size-sm\" href=\"https:\/\/api.whatsapp.com\/send?phone=523319756303&#038;text=Hi,%20I%20want%20more%20information%20about%20properties%20in%20Tulum...\">\n\t\t\t\t\t\t<span class=\"elementor-button-content-wrapper\">\n\t\t\t\t\t\t<span class=\"elementor-button-icon\">\n\t\t\t\t<i aria-hidden=\"true\" class=\"fab fa-whatsapp\"><\/i>\t\t\t<\/span>\n\t\t\t\t\t\t\t\t\t<span class=\"elementor-button-text\">CONTACTEZ UN AGENT PAR WHATSAPP<\/span>\n\t\t\t\t\t<\/span>\n\t\t\t\t\t<\/a>\n\t\t\t\t<\/div>\n\t\t\t\t\t\t\t\t<\/div>\n\t\t\t\t<\/div>\n\t\t\t\t\t<\/div>\n\t\t<\/div>\n\t\t\t\t<div class=\"elementor-column elementor-col-16 elementor-inner-column elementor-element elementor-element-5dacfcd\" data-id=\"5dacfcd\" data-element_type=\"column\" data-e-type=\"column\">\n\t\t\t<div class=\"elementor-widget-wrap\">\n\t\t\t\t\t\t\t<\/div>\n\t\t<\/div>\n\t\t\t\t\t<\/div>\n\t\t<\/section>\n\t\t\t\t\t<\/div>\n\t\t<\/div>\n\t\t\t\t\t<\/div>\n\t\t<\/section>\n\t\t\t\t<section class=\"elementor-section elementor-top-section elementor-element elementor-element-de02c12 elementor-section-boxed elementor-section-height-default elementor-section-height-default\" data-id=\"de02c12\" data-element_type=\"section\" data-e-type=\"section\">\n\t\t\t\t\t\t<div class=\"elementor-container elementor-column-gap-default\">\n\t\t\t\t\t<div class=\"elementor-column elementor-col-100 elementor-top-column elementor-element elementor-element-5c73b61\" data-id=\"5c73b61\" data-element_type=\"column\" data-e-type=\"column\">\n\t\t\t<div class=\"elementor-widget-wrap elementor-element-populated\">\n\t\t\t\t\t\t<div class=\"elementor-element elementor-element-3a474c0 elementor-button-align-stretch elementor-widget elementor-widget-houzez_elementor_search_builder\" data-id=\"3a474c0\" data-element_type=\"widget\" data-e-type=\"widget\" data-widget_type=\"houzez_elementor_search_builder.default\">\n\t\t\t\t<div class=\"elementor-widget-container\">\n\t\t\t\t\t\n        <form class=\"houzez-search-form-js houzez-search-builder-form-js\" id=\"houzez-search-3a474c0\" method=\"get\" action=\"https:\/\/tuluminvestor.com\/fr\/recherche-avancee\/\" >\n\n            \n            <ul id=\"houzez-search-tabs-wrap\" class=\"houzez-status-tabs nav nav-pills\" role=\"tablist\" data-bs-toggle=\"buttons\">\n            \n                \n                <li class=\"nav-item\">\n                                <a class=\"status-tab-js nav-link active\" data-val=\"beachfront\" data-bs-toggle=\"pill\" href=\"#\" role=\"tab\" aria-bs-selected=\"true\">\n                                    Bord de mer\n                                <\/a>\n                            <\/li><li class=\"nav-item\">\n                                <a class=\"status-tab-js nav-link \" data-val=\"condo\" data-bs-toggle=\"pill\" href=\"#\" role=\"tab\" aria-bs-selected=\"true\">\n                                    Condos\n                                <\/a>\n                            <\/li><li class=\"nav-item\">\n                                <a class=\"status-tab-js nav-link \" data-val=\"home\" data-bs-toggle=\"pill\" href=\"#\" role=\"tab\" aria-bs-selected=\"true\">\n                                    Maisons\n                                <\/a>\n                            <\/li>                <input type=\"hidden\" name=\"type[]\" id=\"search-tabs\" value=\"beachfront\">\n            <\/ul>\n            \n            <div class=\"houzez-search-builder-wrapper\">\n\n                <div class=\"houzez-ele-search-form-wrapper elementor-form-fields-wrapper elementor-labels-above\">\n\n                                            <div class=\"elementor-field-group elementor-column form-group elementor-field-group-field-max-price elementor-col-60 elementor-sm-100\">\n                    <label for=\"form-field-field-max-price\" class=\"elementor-field-label\">Combien voulez-vous investir ?<\/label>        <div class=\"prices-for-all elementor-field elementor-select-wrapper\">\n            <select data-size=\"5\" name=\"max-price\" id=\"form-field-field-max-price\" class=\"selectpicker bs-select-hidden houzez-field-textual form-control elementor-size-xl\">\n                <option value=\"\">Max. Prix<\/option><option value=\"any\">Any<\/option><option value=\"150000\">$150,000<\/option><option value=\"200000\">$200,000<\/option><option value=\"300000\">$300,000<\/option><option value=\"400000\">$400,000<\/option><option value=\"500000\">$500,000<\/option><option value=\"600000\">$600,000<\/option><option value=\"700000\">$700,000<\/option><option value=\"800000\">$800,000<\/option><option value=\"900000\">$900,000<\/option><option value=\"1000000\">$1,000,000<\/option><option value=\"1500000\">$1,500,000<\/option><option value=\"2000000\">$2,000,000<\/option><option value=\"2500000\">$2,500,000<\/option><option value=\"5000000\">$5,000,000<\/option><option value=\"20000000\">$20,000,000<\/option>\n            <\/select><!-- selectpicker -->\n        <\/div><!-- form-group -->\n\n        <div class=\"hide prices-only-for-rent elementor-field elementor-select-wrapper\">\n            <select data-size=\"5\" name=\"max-price\" id=\"form-field-field-max-price\" class=\"selectpicker bs-select-hidden houzez-field-textual form-control elementor-size-xl\">\n                <option value=\"\">Max. Prix<\/option><option value=\"any\">Any<\/option><option value=\"200000\">$200,000<\/option><option value=\"300000\">$300,000<\/option><option value=\"400000\">$400,000<\/option><option value=\"500000\">$500,000<\/option><option value=\"600000\">$600,000<\/option><option value=\"700000\">$700,000<\/option><option value=\"800000\">$800,000<\/option><option value=\"900000\">$900,000<\/option><option value=\"1000000\">$1,000,000<\/option><option value=\"1500000\">$1,500,000<\/option><option value=\"2000000\">$2,000,000<\/option><option value=\"2500000\">$2,500,000<\/option><option value=\"5000000\">$5,000,000<\/option><option value=\"20000000\">$20,000,000<\/option>\n            <\/select><!-- selectpicker -->\n        <\/div><!-- form-group -->\n                            <\/div>\n                                    <div class=\"elementor-field-group elementor-column elementor-field-type-submit elementor-col-40\">\n                                <button type=\"submit\" class=\"houzez-search-button btn-primary elementor-button elementor-size-xl\">\n                                                                            TROUVER MA NOUVELLE MAISON                                                                    <\/button>\n                            <\/div>\n                            \n                <\/div><!-- End main wrapper-->\n\n                            <\/div> <!-- End houzez-search-builder-wrapper -->\n        <\/form>\n\n        \t\t\t\t<\/div>\n\t\t\t\t<\/div>\n\t\t\t\t\t<\/div>\n\t\t<\/div>\n\t\t\t\t\t<\/div>\n\t\t<\/section>\n\t\t\t\t<section class=\"elementor-section elementor-top-section elementor-element elementor-element-1b35d70 elementor-section-boxed elementor-section-height-default elementor-section-height-default\" data-id=\"1b35d70\" data-element_type=\"section\" data-e-type=\"section\">\n\t\t\t\t\t\t<div class=\"elementor-container elementor-column-gap-default\">\n\t\t\t\t\t<div class=\"elementor-column elementor-col-25 elementor-top-column elementor-element elementor-element-e66928f\" data-id=\"e66928f\" data-element_type=\"column\" data-e-type=\"column\">\n\t\t\t<div class=\"elementor-widget-wrap\">\n\t\t\t\t\t\t\t<\/div>\n\t\t<\/div>\n\t\t\t\t<div class=\"elementor-column elementor-col-50 elementor-top-column elementor-element elementor-element-e90b558\" data-id=\"e90b558\" data-element_type=\"column\" data-e-type=\"column\">\n\t\t\t<div class=\"elementor-widget-wrap elementor-element-populated\">\n\t\t\t\t\t\t<div class=\"elementor-element elementor-element-328c031 elementor-widget elementor-widget-spacer\" data-id=\"328c031\" data-element_type=\"widget\" data-e-type=\"widget\" data-widget_type=\"spacer.default\">\n\t\t\t\t<div class=\"elementor-widget-container\">\n\t\t\t\t\t\t\t<div class=\"elementor-spacer\">\n\t\t\t<div class=\"elementor-spacer-inner\"><\/div>\n\t\t<\/div>\n\t\t\t\t\t\t<\/div>\n\t\t\t\t<\/div>\n\t\t\t\t<section class=\"elementor-section elementor-inner-section elementor-element elementor-element-1db87433 elementor-section-full_width elementor-reverse-mobile elementor-reverse-tablet elementor-section-height-default elementor-section-height-default elementor-invisible\" data-id=\"1db87433\" data-element_type=\"section\" data-e-type=\"section\" data-settings=\"{&quot;background_background&quot;:&quot;classic&quot;,&quot;animation&quot;:&quot;fadeInUp&quot;}\">\n\t\t\t\t\t\t<div class=\"elementor-container elementor-column-gap-no\">\n\t\t\t\t\t<div class=\"elementor-column elementor-col-50 elementor-inner-column elementor-element elementor-element-294912ee\" data-id=\"294912ee\" data-element_type=\"column\" data-e-type=\"column\">\n\t\t\t<div class=\"elementor-widget-wrap elementor-element-populated\">\n\t\t\t\t\t\t<div class=\"elementor-element elementor-element-4aeb3c00 elementor-widget elementor-widget-heading\" data-id=\"4aeb3c00\" data-element_type=\"widget\" data-e-type=\"widget\" data-widget_type=\"heading.default\">\n\t\t\t\t<div class=\"elementor-widget-container\">\n\t\t\t\t\t<h3 class=\"elementor-heading-title elementor-size-default\">Consultez notre liste de propri\u00e9t\u00e9s s\u00e9lectionn\u00e9es \u00e0 vendre \u00e0 Tulum, Quintana Roo.<\/h3>\t\t\t\t<\/div>\n\t\t\t\t<\/div>\n\t\t\t\t<div class=\"elementor-element elementor-element-7865a308 elementor-widget elementor-widget-text-editor\" data-id=\"7865a308\" data-element_type=\"widget\" data-e-type=\"widget\" data-widget_type=\"text-editor.default\">\n\t\t\t\t<div class=\"elementor-widget-container\">\n\t\t\t\t\t\t\t\t\t<p>Explorez notre collection des recherches les plus populaires.<\/p>\n\t\t\t\t\t\t\t\t<\/div>\n\t\t\t\t<\/div>\n\t\t\t\t<div class=\"elementor-element elementor-element-7229b51d elementor-mobile-align-center elementor-tablet-align-center elementor-widget elementor-widget-button\" data-id=\"7229b51d\" data-element_type=\"widget\" data-e-type=\"widget\" data-widget_type=\"button.default\">\n\t\t\t\t<div class=\"elementor-widget-container\">\n\t\t\t\t\t\t\t\t\t<div class=\"elementor-button-wrapper\">\n\t\t\t\t\t<a class=\"elementor-button elementor-button-link elementor-size-lg\" href=\"https:\/\/tuluminvestor.com\/fr\/recherches-populaires\/\">\n\t\t\t\t\t\t<span class=\"elementor-button-content-wrapper\">\n\t\t\t\t\t\t\t\t\t<span class=\"elementor-button-text\">VOIR LES LISTINGS<\/span>\n\t\t\t\t\t<\/span>\n\t\t\t\t\t<\/a>\n\t\t\t\t<\/div>\n\t\t\t\t\t\t\t\t<\/div>\n\t\t\t\t<\/div>\n\t\t\t\t\t<\/div>\n\t\t<\/div>\n\t\t\t\t<div class=\"elementor-column elementor-col-50 elementor-inner-column elementor-element elementor-element-73b042ac\" data-id=\"73b042ac\" data-element_type=\"column\" data-e-type=\"column\">\n\t\t\t<div class=\"elementor-widget-wrap elementor-element-populated\">\n\t\t\t\t\t\t<div class=\"elementor-element elementor-element-70ed93fd elementor-widget elementor-widget-image\" data-id=\"70ed93fd\" data-element_type=\"widget\" data-e-type=\"widget\" data-widget_type=\"image.default\">\n\t\t\t\t<div class=\"elementor-widget-container\">\n\t\t\t\t\t\t\t\t\t\t\t\t\t\t\t<img fetchpriority=\"high\" decoding=\"async\" width=\"1440\" height=\"961\" src=\"https:\/\/tuluminvestor.com\/wp-content\/uploads\/2024\/04\/casa-elemental-soliman-132.webp\" class=\"attachment-large size-large wp-image-29761\" alt=\"elemental soliman beachfront homes for sale in tulum\" srcset=\"https:\/\/tuluminvestor.com\/wp-content\/uploads\/2024\/04\/casa-elemental-soliman-132.webp 1440w, https:\/\/tuluminvestor.com\/wp-content\/uploads\/2024\/04\/casa-elemental-soliman-132-899x600.webp 899w, https:\/\/tuluminvestor.com\/wp-content\/uploads\/2024\/04\/casa-elemental-soliman-132-496x331.webp 496w\" sizes=\"(max-width: 1440px) 100vw, 1440px\" \/>\t\t\t\t\t\t\t\t\t\t\t\t\t\t\t<\/div>\n\t\t\t\t<\/div>\n\t\t\t\t\t<\/div>\n\t\t<\/div>\n\t\t\t\t\t<\/div>\n\t\t<\/section>\n\t\t\t\t\t<\/div>\n\t\t<\/div>\n\t\t\t\t<div class=\"elementor-column elementor-col-25 elementor-top-column elementor-element elementor-element-300de22\" data-id=\"300de22\" data-element_type=\"column\" data-e-type=\"column\">\n\t\t\t<div class=\"elementor-widget-wrap\">\n\t\t\t\t\t\t\t<\/div>\n\t\t<\/div>\n\t\t\t\t\t<\/div>\n\t\t<\/section>\n\t\t\t\t<section class=\"elementor-section elementor-top-section elementor-element elementor-element-18fcb7c8 elementor-section-boxed elementor-section-height-default elementor-section-height-default\" data-id=\"18fcb7c8\" data-element_type=\"section\" data-e-type=\"section\">\n\t\t\t\t\t\t<div class=\"elementor-container elementor-column-gap-default\">\n\t\t\t\t\t<div class=\"elementor-column elementor-col-100 elementor-top-column elementor-element elementor-element-3be7a7d7\" data-id=\"3be7a7d7\" data-element_type=\"column\" data-e-type=\"column\">\n\t\t\t<div class=\"elementor-widget-wrap\">\n\t\t\t\t\t\t\t<\/div>\n\t\t<\/div>\n\t\t\t\t\t<\/div>\n\t\t<\/section>\n\t\t\t\t<\/div>\n\t\t","protected":false},"excerpt":{"rendered":"<p>Acheter une propri\u00e9t\u00e9 \u00e0 Tulum, au Mexique ? PARLER \u00c0 UN AGENT CONTACTEZ UN AGENT PAR WHATSAPP Beachfront Condos Homes Combien voulez-vous investir ? Max. PrixAny$150,000$200,000$300,000$400,000$500,000$600,000$700,000$800,000$900,000$1,000,000$1,500,000$2,000,000$2,500,000$5,000,000$20,000,000 Max. PrixAny$200,000$300,000$400,000$500,000$600,000$700,000$800,000$900,000$1,000,000$1,500,000$2,000,000$2,500,000$5,000,000$20,000,000 TROUVER MA NOUVELLE MAISON Consultez notre liste de propri\u00e9t\u00e9s s\u00e9lectionn\u00e9es \u00e0 vendre \u00e0 Tulum, Quintana Roo. Explorez notre collection des recherches les plus populaires. VOIR LES LISTINGS<\/p>\n","protected":false},"author":1,"featured_media":34069,"parent":0,"menu_order":0,"comment_status":"closed","ping_status":"closed","template":"template\/template-homepage.php","meta":{"content-type":"","footnotes":""},"class_list":["post-44356","page","type-page","status-publish","has-post-thumbnail","hentry"],"yoast_head":"<!-- This site is optimized with the Yoast SEO plugin v27.4 - https:\/\/yoast.com\/product\/yoast-seo-wordpress\/ -->\n<title>Nouvelles propri\u00e9t\u00e9s \u00e0 vendre \u00e0 Tulum Mexico | Tulum Investor<\/title>\n<meta name=\"description\" content=\"Acheter une propri\u00e9t\u00e9 \u00e0 Tulum (Mexique) ? Maisons neuves et appartements en copropri\u00e9t\u00e9. D\u00e9couvrez notre s\u00e9lection de biens \u00e0 la vente \u00e0 Tulum. Contactez un agent.\" \/>\n<meta name=\"robots\" content=\"index, follow, max-snippet:-1, max-image-preview:large, max-video-preview:-1\" \/>\n<link rel=\"canonical\" href=\"https:\/\/tuluminvestor.com\/fr\/\" \/>\n<meta property=\"og:locale\" content=\"fr_FR\" \/>\n<meta property=\"og:type\" content=\"article\" \/>\n<meta property=\"og:title\" content=\"Nouvelles propri\u00e9t\u00e9s \u00e0 vendre \u00e0 Tulum Mexico | Tulum Investor\" \/>\n<meta property=\"og:description\" content=\"Acheter une propri\u00e9t\u00e9 \u00e0 Tulum (Mexique) ? Maisons neuves et appartements en copropri\u00e9t\u00e9. D\u00e9couvrez notre s\u00e9lection de biens \u00e0 la vente \u00e0 Tulum. Contactez un agent.\" \/>\n<meta property=\"og:url\" content=\"https:\/\/tuluminvestor.com\/fr\/\" \/>\n<meta property=\"og:site_name\" content=\"Tulum Investor\" \/>\n<meta property=\"article:publisher\" content=\"https:\/\/www.facebook.com\/tuluminvestor\" \/>\n<meta property=\"article:modified_time\" content=\"2024-04-23T17:09:03+00:00\" \/>\n<meta property=\"og:image\" content=\"https:\/\/tuluminvestor.com\/wp-content\/uploads\/2019\/01\/Ti-logo-dark-blue-360x360.jpg\" \/>\n\t<meta property=\"og:image:width\" content=\"360\" \/>\n\t<meta property=\"og:image:height\" content=\"360\" \/>\n\t<meta property=\"og:image:type\" content=\"image\/jpeg\" \/>\n<meta name=\"twitter:card\" content=\"summary_large_image\" \/>\n<script type=\"application\/ld+json\" class=\"yoast-schema-graph\">{\"@context\":\"https:\\\/\\\/schema.org\",\"@graph\":[{\"@type\":\"WebPage\",\"@id\":\"https:\\\/\\\/tuluminvestor.com\\\/fr\\\/\",\"url\":\"https:\\\/\\\/tuluminvestor.com\\\/fr\\\/\",\"name\":\"Nouvelles propri\u00e9t\u00e9s \u00e0 vendre \u00e0 Tulum Mexico | Tulum Investor\",\"isPartOf\":{\"@id\":\"https:\\\/\\\/tuluminvestor.com\\\/fr\\\/#website\"},\"primaryImageOfPage\":{\"@id\":\"https:\\\/\\\/tuluminvestor.com\\\/fr\\\/#primaryimage\"},\"image\":{\"@id\":\"https:\\\/\\\/tuluminvestor.com\\\/fr\\\/#primaryimage\"},\"thumbnailUrl\":\"https:\\\/\\\/tuluminvestor.com\\\/wp-content\\\/uploads\\\/2019\\\/01\\\/Ti-logo-dark-blue-360x360.jpg\",\"datePublished\":\"2024-04-23T01:33:19+00:00\",\"dateModified\":\"2024-04-23T17:09:03+00:00\",\"description\":\"Acheter une propri\u00e9t\u00e9 \u00e0 Tulum (Mexique) ? Maisons neuves et appartements en copropri\u00e9t\u00e9. D\u00e9couvrez notre s\u00e9lection de biens \u00e0 la vente \u00e0 Tulum. Contactez un agent.\",\"breadcrumb\":{\"@id\":\"https:\\\/\\\/tuluminvestor.com\\\/fr\\\/#breadcrumb\"},\"inLanguage\":\"fr-FR\",\"potentialAction\":[{\"@type\":\"ReadAction\",\"target\":[\"https:\\\/\\\/tuluminvestor.com\\\/fr\\\/\"]}]},{\"@type\":\"ImageObject\",\"inLanguage\":\"fr-FR\",\"@id\":\"https:\\\/\\\/tuluminvestor.com\\\/fr\\\/#primaryimage\",\"url\":\"https:\\\/\\\/tuluminvestor.com\\\/wp-content\\\/uploads\\\/2019\\\/01\\\/Ti-logo-dark-blue-360x360.jpg\",\"contentUrl\":\"https:\\\/\\\/tuluminvestor.com\\\/wp-content\\\/uploads\\\/2019\\\/01\\\/Ti-logo-dark-blue-360x360.jpg\",\"width\":360,\"height\":360},{\"@type\":\"BreadcrumbList\",\"@id\":\"https:\\\/\\\/tuluminvestor.com\\\/fr\\\/#breadcrumb\",\"itemListElement\":[{\"@type\":\"ListItem\",\"position\":1,\"name\":\"Home\",\"item\":\"https:\\\/\\\/tuluminvestor.com\\\/fr\\\/accueil\\\/\"},{\"@type\":\"ListItem\",\"position\":2,\"name\":\"Accueil\"}]},{\"@type\":\"WebSite\",\"@id\":\"https:\\\/\\\/tuluminvestor.com\\\/fr\\\/#website\",\"url\":\"https:\\\/\\\/tuluminvestor.com\\\/fr\\\/\",\"name\":\"Tulum Investor\",\"description\":\"Real Estate Broker in Tulum Mexico\",\"potentialAction\":[{\"@type\":\"SearchAction\",\"target\":{\"@type\":\"EntryPoint\",\"urlTemplate\":\"https:\\\/\\\/tuluminvestor.com\\\/fr\\\/?s={search_term_string}\"},\"query-input\":{\"@type\":\"PropertyValueSpecification\",\"valueRequired\":true,\"valueName\":\"search_term_string\"}}],\"inLanguage\":\"fr-FR\"}]}<\/script>\n<!-- \/ Yoast SEO plugin. -->","yoast_head_json":{"title":"Nouvelles propri\u00e9t\u00e9s \u00e0 vendre \u00e0 Tulum Mexico | Tulum Investor","description":"Acheter une propri\u00e9t\u00e9 \u00e0 Tulum (Mexique) ? Maisons neuves et appartements en copropri\u00e9t\u00e9. D\u00e9couvrez notre s\u00e9lection de biens \u00e0 la vente \u00e0 Tulum. Contactez un agent.","robots":{"index":"index","follow":"follow","max-snippet":"max-snippet:-1","max-image-preview":"max-image-preview:large","max-video-preview":"max-video-preview:-1"},"canonical":"https:\/\/tuluminvestor.com\/fr\/","og_locale":"fr_FR","og_type":"article","og_title":"Nouvelles propri\u00e9t\u00e9s \u00e0 vendre \u00e0 Tulum Mexico | Tulum Investor","og_description":"Acheter une propri\u00e9t\u00e9 \u00e0 Tulum (Mexique) ? Maisons neuves et appartements en copropri\u00e9t\u00e9. D\u00e9couvrez notre s\u00e9lection de biens \u00e0 la vente \u00e0 Tulum. Contactez un agent.","og_url":"https:\/\/tuluminvestor.com\/fr\/","og_site_name":"Tulum Investor","article_publisher":"https:\/\/www.facebook.com\/tuluminvestor","article_modified_time":"2024-04-23T17:09:03+00:00","og_image":[{"width":360,"height":360,"url":"https:\/\/tuluminvestor.com\/wp-content\/uploads\/2019\/01\/Ti-logo-dark-blue-360x360.jpg","type":"image\/jpeg"}],"twitter_card":"summary_large_image","schema":{"@context":"https:\/\/schema.org","@graph":[{"@type":"WebPage","@id":"https:\/\/tuluminvestor.com\/fr\/","url":"https:\/\/tuluminvestor.com\/fr\/","name":"Nouvelles propri\u00e9t\u00e9s \u00e0 vendre \u00e0 Tulum Mexico | Tulum Investor","isPartOf":{"@id":"https:\/\/tuluminvestor.com\/fr\/#website"},"primaryImageOfPage":{"@id":"https:\/\/tuluminvestor.com\/fr\/#primaryimage"},"image":{"@id":"https:\/\/tuluminvestor.com\/fr\/#primaryimage"},"thumbnailUrl":"https:\/\/tuluminvestor.com\/wp-content\/uploads\/2019\/01\/Ti-logo-dark-blue-360x360.jpg","datePublished":"2024-04-23T01:33:19+00:00","dateModified":"2024-04-23T17:09:03+00:00","description":"Acheter une propri\u00e9t\u00e9 \u00e0 Tulum (Mexique) ? Maisons neuves et appartements en copropri\u00e9t\u00e9. D\u00e9couvrez notre s\u00e9lection de biens \u00e0 la vente \u00e0 Tulum. Contactez un agent.","breadcrumb":{"@id":"https:\/\/tuluminvestor.com\/fr\/#breadcrumb"},"inLanguage":"fr-FR","potentialAction":[{"@type":"ReadAction","target":["https:\/\/tuluminvestor.com\/fr\/"]}]},{"@type":"ImageObject","inLanguage":"fr-FR","@id":"https:\/\/tuluminvestor.com\/fr\/#primaryimage","url":"https:\/\/tuluminvestor.com\/wp-content\/uploads\/2019\/01\/Ti-logo-dark-blue-360x360.jpg","contentUrl":"https:\/\/tuluminvestor.com\/wp-content\/uploads\/2019\/01\/Ti-logo-dark-blue-360x360.jpg","width":360,"height":360},{"@type":"BreadcrumbList","@id":"https:\/\/tuluminvestor.com\/fr\/#breadcrumb","itemListElement":[{"@type":"ListItem","position":1,"name":"Home","item":"https:\/\/tuluminvestor.com\/fr\/accueil\/"},{"@type":"ListItem","position":2,"name":"Accueil"}]},{"@type":"WebSite","@id":"https:\/\/tuluminvestor.com\/fr\/#website","url":"https:\/\/tuluminvestor.com\/fr\/","name":"Tulum Investor","description":"Real Estate Broker in Tulum Mexico","potentialAction":[{"@type":"SearchAction","target":{"@type":"EntryPoint","urlTemplate":"https:\/\/tuluminvestor.com\/fr\/?s={search_term_string}"},"query-input":{"@type":"PropertyValueSpecification","valueRequired":true,"valueName":"search_term_string"}}],"inLanguage":"fr-FR"}]}},"_links":{"self":[{"href":"https:\/\/tuluminvestor.com\/fr\/wp-json\/wp\/v2\/pages\/44356","targetHints":{"allow":["GET"]}}],"collection":[{"href":"https:\/\/tuluminvestor.com\/fr\/wp-json\/wp\/v2\/pages"}],"about":[{"href":"https:\/\/tuluminvestor.com\/fr\/wp-json\/wp\/v2\/types\/page"}],"author":[{"embeddable":true,"href":"https:\/\/tuluminvestor.com\/fr\/wp-json\/wp\/v2\/users\/1"}],"replies":[{"embeddable":true,"href":"https:\/\/tuluminvestor.com\/fr\/wp-json\/wp\/v2\/comments?post=44356"}],"version-history":[{"count":0,"href":"https:\/\/tuluminvestor.com\/fr\/wp-json\/wp\/v2\/pages\/44356\/revisions"}],"wp:featuredmedia":[{"embeddable":true,"href":"https:\/\/tuluminvestor.com\/fr\/wp-json\/wp\/v2\/media\/34069"}],"wp:attachment":[{"href":"https:\/\/tuluminvestor.com\/fr\/wp-json\/wp\/v2\/media?parent=44356"}],"curies":[{"name":"wp","href":"https:\/\/api.w.org\/{rel}","templated":true}]}}