{"id":44351,"date":"2016-01-21T19:40:09","date_gmt":"2016-01-22T00:40:09","guid":{"rendered":"https:\/\/tuluminvestor.com\/recherche-avancee\/"},"modified":"2024-04-23T11:58:26","modified_gmt":"2024-04-23T16:58:26","slug":"recherche-avancee","status":"publish","type":"page","link":"https:\/\/tuluminvestor.com\/fr\/recherche-avancee\/","title":{"rendered":"Recherche avanc\u00e9e"},"content":{"rendered":"\t\t<div data-elementor-type=\"wp-page\" data-elementor-id=\"44351\" class=\"elementor elementor-44351 elementor-41\">\n\t\t\t\t\t\t<section class=\"elementor-section elementor-top-section elementor-element elementor-element-457c84f elementor-section-boxed elementor-section-height-default elementor-section-height-default\" data-id=\"457c84f\" data-element_type=\"section\" data-e-type=\"section\">\n\t\t\t\t\t\t<div class=\"elementor-container elementor-column-gap-default\">\n\t\t\t\t\t<div class=\"elementor-column elementor-col-100 elementor-top-column elementor-element elementor-element-4c6f54e1\" data-id=\"4c6f54e1\" data-element_type=\"column\" data-e-type=\"column\">\n\t\t\t<div class=\"elementor-widget-wrap elementor-element-populated\">\n\t\t\t\t\t\t<div class=\"elementor-element elementor-element-43528d21 elementor-widget elementor-widget-text-editor\" data-id=\"43528d21\" data-element_type=\"widget\" data-e-type=\"widget\" data-widget_type=\"text-editor.default\">\n\t\t\t\t<div class=\"elementor-widget-container\">\n\t\t\t\t\t\t\t\t\t<p><\/p>\n<h1 style=\"text-align: center;\">2024 New Tulum Condo and Home Listings For Sale<\/h1>\n<h1 style=\"text-align: center;\">Moteur de recherche :<\/h1>\n<p> <\/p>\n<div style=\"text-align: center;\">TROUVEZ VOTRE NOUVELLE MAISON \u00c0 TULUM <strong>AUJOURD&#8217;HUI !<\/strong><\/div>\n<div style=\"text-align: center;\"> <\/div>\n<div style=\"text-align: center;\">S\u00e9lection de <strong>+380<\/strong> propri\u00e9t\u00e9s d&#8217;investissement exceptionnelles \u00e0 acheter dans les meilleurs <a href=\"https:\/\/tuluminvestor.com\/fr\/quartiers-de-tulum\/\">endroits de<\/a> Tulum au Mexique.<\/div>\n<p><\/p>\t\t\t\t\t\t\t\t<\/div>\n\t\t\t\t<\/div>\n\t\t\t\t\t<\/div>\n\t\t<\/div>\n\t\t\t\t\t<\/div>\n\t\t<\/section>\n\t\t\t\t<section class=\"elementor-section elementor-top-section elementor-element elementor-element-030ce30 elementor-section-boxed elementor-section-height-default elementor-section-height-default\" data-id=\"030ce30\" data-element_type=\"section\" data-e-type=\"section\">\n\t\t\t\t\t\t<div class=\"elementor-container elementor-column-gap-default\">\n\t\t\t\t\t<div class=\"elementor-column elementor-col-100 elementor-top-column elementor-element elementor-element-bc5e667\" data-id=\"bc5e667\" data-element_type=\"column\" data-e-type=\"column\">\n\t\t\t<div class=\"elementor-widget-wrap elementor-element-populated\">\n\t\t\t\t\t\t<div class=\"elementor-element elementor-element-bee5a64 elementor-button-align-stretch elementor-widget elementor-widget-houzez_elementor_search_builder\" data-id=\"bee5a64\" data-element_type=\"widget\" data-e-type=\"widget\" data-widget_type=\"houzez_elementor_search_builder.default\">\n\t\t\t\t<div class=\"elementor-widget-container\">\n\t\t\t\t\t\n        <form class=\"houzez-search-form-js houzez-search-builder-form-js\" id=\"houzez-search-bee5a64\" method=\"get\" action=\"https:\/\/tuluminvestor.com\/fr\/recherche-avancee\/\" >\n\n            \n            <ul id=\"houzez-search-tabs-wrap\" class=\"houzez-status-tabs nav nav-pills\" role=\"tablist\" data-bs-toggle=\"buttons\">\n            \n                \n                                <input type=\"hidden\" name=\"location[]\" id=\"search-tabs\" value=\"\">\n            <\/ul>\n            \n            <div class=\"houzez-search-builder-wrapper\">\n\n                <div class=\"houzez-ele-search-form-wrapper elementor-form-fields-wrapper elementor-labels-above\">\n\n                                            <div class=\"elementor-field-group elementor-column form-group elementor-field-group-7f6a687 elementor-col-100\">\n                    <label for=\"form-field-7f6a687\" class=\"elementor-field-label elementor-screen-only\">Type<\/label>        <div class=\"elementor-field elementor-select-wrapper form-group\">\n            <select data-size=\"5\" name=\"type[]\" id=\"form-field-7f6a687\" class=\"selectpicker bs-select-hidden houzez-field-textual form-control elementor-size-xl \" data-none-results-text=\"No results matched {0}\">\n                <option value=\"\">Qu&#039;aimeriez-vous acheter ?<\/option><option data-ref=\"bord-de-mer\"   value=\"bord-de-mer\">Bord de mer<\/option><option data-ref=\"condos\"   value=\"condos\">Condos<\/option><option data-ref=\"lots\"   value=\"lots\">Lots<\/option><option data-ref=\"maisons\"   value=\"maisons\">Maisons<\/option><option data-ref=\"maisons-de-la-jungle\"   value=\"maisons-de-la-jungle\">Maisons de la jungle<\/option><option data-ref=\"penthouse-fr\"   value=\"penthouse-fr\">Penthouse<\/option>            <\/select>\n        <\/div>\n                            <\/div>\n                                <div class=\"elementor-field-group elementor-column form-group elementor-field-group-field-max-price elementor-col-100 elementor-sm-100\">\n                    <label for=\"form-field-field-max-price\" class=\"elementor-field-label elementor-screen-only\">Max. Prix<\/label>        <div class=\"prices-for-all elementor-field elementor-select-wrapper\">\n            <select data-size=\"5\" name=\"max-price\" id=\"form-field-field-max-price\" class=\"selectpicker bs-select-hidden houzez-field-textual form-control elementor-size-xl\">\n                <option value=\"\">Combien voulez-vous investir ?<\/option><option value=\"any\">Any<\/option><option value=\"150000\">$150,000<\/option><option value=\"200000\">$200,000<\/option><option value=\"300000\">$300,000<\/option><option value=\"400000\">$400,000<\/option><option value=\"500000\">$500,000<\/option><option value=\"600000\">$600,000<\/option><option value=\"700000\">$700,000<\/option><option value=\"800000\">$800,000<\/option><option value=\"900000\">$900,000<\/option><option value=\"1000000\">$1,000,000<\/option><option value=\"1500000\">$1,500,000<\/option><option value=\"2000000\">$2,000,000<\/option><option value=\"2500000\">$2,500,000<\/option><option value=\"5000000\">$5,000,000<\/option><option value=\"20000000\">$20,000,000<\/option>\n            <\/select><!-- selectpicker -->\n        <\/div><!-- form-group -->\n\n        <div class=\"hide prices-only-for-rent elementor-field elementor-select-wrapper\">\n            <select data-size=\"5\" name=\"max-price\" id=\"form-field-field-max-price\" class=\"selectpicker bs-select-hidden houzez-field-textual form-control elementor-size-xl\">\n                <option value=\"\">Combien voulez-vous investir ?<\/option><option value=\"any\">Any<\/option><option value=\"200000\">$200,000<\/option><option value=\"300000\">$300,000<\/option><option value=\"400000\">$400,000<\/option><option value=\"500000\">$500,000<\/option><option value=\"600000\">$600,000<\/option><option value=\"700000\">$700,000<\/option><option value=\"800000\">$800,000<\/option><option value=\"900000\">$900,000<\/option><option value=\"1000000\">$1,000,000<\/option><option value=\"1500000\">$1,500,000<\/option><option value=\"2000000\">$2,000,000<\/option><option value=\"2500000\">$2,500,000<\/option><option value=\"5000000\">$5,000,000<\/option><option value=\"20000000\">$20,000,000<\/option>\n            <\/select><!-- selectpicker -->\n        <\/div><!-- form-group -->\n                            <\/div>\n                                    <div class=\"elementor-field-group elementor-column elementor-field-type-submit elementor-col-100 elementor-sm-100\">\n                                <button type=\"submit\" class=\"houzez-search-button btn-primary elementor-button elementor-size-xl\">\n                                                                            TROUVER MA NOUVELLE MAISON \u00c0 TULUM                                                                    <\/button>\n                            <\/div>\n                            \n                <\/div><!-- End main wrapper-->\n\n                            <\/div> <!-- End houzez-search-builder-wrapper -->\n        <\/form>\n\n        \t\t\t\t<\/div>\n\t\t\t\t<\/div>\n\t\t\t\t<div class=\"elementor-element elementor-element-6ce79e1 elementor-widget elementor-widget-spacer\" data-id=\"6ce79e1\" data-element_type=\"widget\" data-e-type=\"widget\" data-widget_type=\"spacer.default\">\n\t\t\t\t<div class=\"elementor-widget-container\">\n\t\t\t\t\t\t\t<div class=\"elementor-spacer\">\n\t\t\t<div class=\"elementor-spacer-inner\"><\/div>\n\t\t<\/div>\n\t\t\t\t\t\t<\/div>\n\t\t\t\t<\/div>\n\t\t\t\t\t<\/div>\n\t\t<\/div>\n\t\t\t\t\t<\/div>\n\t\t<\/section>\n\t\t\t\t<\/div>\n\t\t","protected":false},"excerpt":{"rendered":"<p>2024 New Tulum Condo and Home Listings For Sale Moteur de recherche : TROUVEZ VOTRE NOUVELLE MAISON \u00c0 TULUM AUJOURD&#8217;HUI ! S\u00e9lection de +380 propri\u00e9t\u00e9s d&#8217;investissement exceptionnelles \u00e0 acheter dans les meilleurs endroits de Tulum au Mexique. Type Qu&#039;aimeriez-vous acheter ?BeachfrontCondosHomesJungle HomesLotsPenthouse Max. Prix Combien voulez-vous investir ?Any$150,000$200,000$300,000$400,000$500,000$600,000$700,000$800,000$900,000$1,000,000$1,500,000$2,000,000$2,500,000$5,000,000$20,000,000 Combien voulez-vous investir ?Any$200,000$300,000$400,000$500,000$600,000$700,000$800,000$900,000$1,000,000$1,500,000$2,000,000$2,500,000$5,000,000$20,000,000 TROUVER MA NOUVELLE [&hellip;]<\/p>\n","protected":false},"author":1,"featured_media":44352,"parent":0,"menu_order":0,"comment_status":"closed","ping_status":"closed","template":"template\/template-search.php","meta":{"content-type":"","footnotes":""},"class_list":["post-44351","page","type-page","status-publish","has-post-thumbnail","hentry"],"yoast_head":"<!-- This site is optimized with the Yoast SEO plugin v27.4 - https:\/\/yoast.com\/product\/yoast-seo-wordpress\/ -->\n<title>2024 New Tulum Condo and Home Listings Search Engine (Moteur de recherche de condos et de maisons)<\/title>\n<meta name=\"description\" content=\"+380 nouveaux condos et maisons \u00e0 vendre \u00e0 Tulum. Propri\u00e9t\u00e9s d&#039;investissement exceptionnelles. Trouvez ici votre nouvelle maison \u00e0 Tulum. Regardez ici...\" \/>\n<meta name=\"robots\" content=\"index, follow, max-snippet:-1, max-image-preview:large, max-video-preview:-1\" \/>\n<link rel=\"canonical\" href=\"https:\/\/tuluminvestor.com\/fr\/recherche-avancee\/\" \/>\n<meta property=\"og:locale\" content=\"fr_FR\" \/>\n<meta property=\"og:type\" content=\"article\" \/>\n<meta property=\"og:title\" content=\"2024 New Tulum Condo and Home Listings Search Engine (Moteur de recherche de condos et de maisons)\" \/>\n<meta property=\"og:description\" content=\"+380 nouveaux condos et maisons \u00e0 vendre \u00e0 Tulum. Propri\u00e9t\u00e9s d&#039;investissement exceptionnelles. Trouvez ici votre nouvelle maison \u00e0 Tulum. Regardez ici...\" \/>\n<meta property=\"og:url\" content=\"https:\/\/tuluminvestor.com\/fr\/recherche-avancee\/\" \/>\n<meta property=\"og:site_name\" content=\"Tulum Investor\" \/>\n<meta property=\"article:publisher\" content=\"https:\/\/www.facebook.com\/tuluminvestor\" \/>\n<meta property=\"article:modified_time\" content=\"2024-04-23T16:58:26+00:00\" \/>\n<meta property=\"og:image\" content=\"https:\/\/tuluminvestor.com\/wp-content\/uploads\/2024\/04\/tuluminvestor.com-casa-cristal-DSC09621-HDR-2.jpg\" \/>\n\t<meta property=\"og:image:width\" content=\"918\" \/>\n\t<meta property=\"og:image:height\" content=\"612\" \/>\n\t<meta property=\"og:image:type\" content=\"image\/jpeg\" \/>\n<meta name=\"twitter:card\" content=\"summary_large_image\" \/>\n<script type=\"application\/ld+json\" class=\"yoast-schema-graph\">{\"@context\":\"https:\\\/\\\/schema.org\",\"@graph\":[{\"@type\":\"WebPage\",\"@id\":\"https:\\\/\\\/tuluminvestor.com\\\/fr\\\/recherche-avancee\\\/\",\"url\":\"https:\\\/\\\/tuluminvestor.com\\\/fr\\\/recherche-avancee\\\/\",\"name\":\"2024 New Tulum Condo and Home Listings Search Engine (Moteur de recherche de condos et de maisons)\",\"isPartOf\":{\"@id\":\"https:\\\/\\\/tuluminvestor.com\\\/fr\\\/#website\"},\"primaryImageOfPage\":{\"@id\":\"https:\\\/\\\/tuluminvestor.com\\\/fr\\\/recherche-avancee\\\/#primaryimage\"},\"image\":{\"@id\":\"https:\\\/\\\/tuluminvestor.com\\\/fr\\\/recherche-avancee\\\/#primaryimage\"},\"thumbnailUrl\":\"https:\\\/\\\/tuluminvestor.com\\\/wp-content\\\/uploads\\\/2024\\\/04\\\/tuluminvestor.com-casa-cristal-DSC09621-HDR-2.jpg\",\"datePublished\":\"2016-01-22T00:40:09+00:00\",\"dateModified\":\"2024-04-23T16:58:26+00:00\",\"description\":\"+380 nouveaux condos et maisons \u00e0 vendre \u00e0 Tulum. Propri\u00e9t\u00e9s d'investissement exceptionnelles. Trouvez ici votre nouvelle maison \u00e0 Tulum. Regardez ici...\",\"breadcrumb\":{\"@id\":\"https:\\\/\\\/tuluminvestor.com\\\/fr\\\/recherche-avancee\\\/#breadcrumb\"},\"inLanguage\":\"fr-FR\",\"potentialAction\":[{\"@type\":\"ReadAction\",\"target\":[\"https:\\\/\\\/tuluminvestor.com\\\/fr\\\/recherche-avancee\\\/\"]}]},{\"@type\":\"ImageObject\",\"inLanguage\":\"fr-FR\",\"@id\":\"https:\\\/\\\/tuluminvestor.com\\\/fr\\\/recherche-avancee\\\/#primaryimage\",\"url\":\"https:\\\/\\\/tuluminvestor.com\\\/wp-content\\\/uploads\\\/2024\\\/04\\\/tuluminvestor.com-casa-cristal-DSC09621-HDR-2.jpg\",\"contentUrl\":\"https:\\\/\\\/tuluminvestor.com\\\/wp-content\\\/uploads\\\/2024\\\/04\\\/tuluminvestor.com-casa-cristal-DSC09621-HDR-2.jpg\",\"width\":918,\"height\":612},{\"@type\":\"BreadcrumbList\",\"@id\":\"https:\\\/\\\/tuluminvestor.com\\\/fr\\\/recherche-avancee\\\/#breadcrumb\",\"itemListElement\":[{\"@type\":\"ListItem\",\"position\":1,\"name\":\"Home\",\"item\":\"https:\\\/\\\/tuluminvestor.com\\\/fr\\\/accueil\\\/\"},{\"@type\":\"ListItem\",\"position\":2,\"name\":\"Recherche avanc\u00e9e\"}]},{\"@type\":\"WebSite\",\"@id\":\"https:\\\/\\\/tuluminvestor.com\\\/fr\\\/#website\",\"url\":\"https:\\\/\\\/tuluminvestor.com\\\/fr\\\/\",\"name\":\"Tulum Investor\",\"description\":\"Real Estate Broker in Tulum Mexico\",\"potentialAction\":[{\"@type\":\"SearchAction\",\"target\":{\"@type\":\"EntryPoint\",\"urlTemplate\":\"https:\\\/\\\/tuluminvestor.com\\\/fr\\\/?s={search_term_string}\"},\"query-input\":{\"@type\":\"PropertyValueSpecification\",\"valueRequired\":true,\"valueName\":\"search_term_string\"}}],\"inLanguage\":\"fr-FR\"}]}<\/script>\n<!-- \/ Yoast SEO plugin. -->","yoast_head_json":{"title":"2024 New Tulum Condo and Home Listings Search Engine (Moteur de recherche de condos et de maisons)","description":"+380 nouveaux condos et maisons \u00e0 vendre \u00e0 Tulum. Propri\u00e9t\u00e9s d'investissement exceptionnelles. Trouvez ici votre nouvelle maison \u00e0 Tulum. Regardez ici...","robots":{"index":"index","follow":"follow","max-snippet":"max-snippet:-1","max-image-preview":"max-image-preview:large","max-video-preview":"max-video-preview:-1"},"canonical":"https:\/\/tuluminvestor.com\/fr\/recherche-avancee\/","og_locale":"fr_FR","og_type":"article","og_title":"2024 New Tulum Condo and Home Listings Search Engine (Moteur de recherche de condos et de maisons)","og_description":"+380 nouveaux condos et maisons \u00e0 vendre \u00e0 Tulum. Propri\u00e9t\u00e9s d'investissement exceptionnelles. Trouvez ici votre nouvelle maison \u00e0 Tulum. Regardez ici...","og_url":"https:\/\/tuluminvestor.com\/fr\/recherche-avancee\/","og_site_name":"Tulum Investor","article_publisher":"https:\/\/www.facebook.com\/tuluminvestor","article_modified_time":"2024-04-23T16:58:26+00:00","og_image":[{"width":918,"height":612,"url":"https:\/\/tuluminvestor.com\/wp-content\/uploads\/2024\/04\/tuluminvestor.com-casa-cristal-DSC09621-HDR-2.jpg","type":"image\/jpeg"}],"twitter_card":"summary_large_image","schema":{"@context":"https:\/\/schema.org","@graph":[{"@type":"WebPage","@id":"https:\/\/tuluminvestor.com\/fr\/recherche-avancee\/","url":"https:\/\/tuluminvestor.com\/fr\/recherche-avancee\/","name":"2024 New Tulum Condo and Home Listings Search Engine (Moteur de recherche de condos et de maisons)","isPartOf":{"@id":"https:\/\/tuluminvestor.com\/fr\/#website"},"primaryImageOfPage":{"@id":"https:\/\/tuluminvestor.com\/fr\/recherche-avancee\/#primaryimage"},"image":{"@id":"https:\/\/tuluminvestor.com\/fr\/recherche-avancee\/#primaryimage"},"thumbnailUrl":"https:\/\/tuluminvestor.com\/wp-content\/uploads\/2024\/04\/tuluminvestor.com-casa-cristal-DSC09621-HDR-2.jpg","datePublished":"2016-01-22T00:40:09+00:00","dateModified":"2024-04-23T16:58:26+00:00","description":"+380 nouveaux condos et maisons \u00e0 vendre \u00e0 Tulum. Propri\u00e9t\u00e9s d'investissement exceptionnelles. Trouvez ici votre nouvelle maison \u00e0 Tulum. Regardez ici...","breadcrumb":{"@id":"https:\/\/tuluminvestor.com\/fr\/recherche-avancee\/#breadcrumb"},"inLanguage":"fr-FR","potentialAction":[{"@type":"ReadAction","target":["https:\/\/tuluminvestor.com\/fr\/recherche-avancee\/"]}]},{"@type":"ImageObject","inLanguage":"fr-FR","@id":"https:\/\/tuluminvestor.com\/fr\/recherche-avancee\/#primaryimage","url":"https:\/\/tuluminvestor.com\/wp-content\/uploads\/2024\/04\/tuluminvestor.com-casa-cristal-DSC09621-HDR-2.jpg","contentUrl":"https:\/\/tuluminvestor.com\/wp-content\/uploads\/2024\/04\/tuluminvestor.com-casa-cristal-DSC09621-HDR-2.jpg","width":918,"height":612},{"@type":"BreadcrumbList","@id":"https:\/\/tuluminvestor.com\/fr\/recherche-avancee\/#breadcrumb","itemListElement":[{"@type":"ListItem","position":1,"name":"Home","item":"https:\/\/tuluminvestor.com\/fr\/accueil\/"},{"@type":"ListItem","position":2,"name":"Recherche avanc\u00e9e"}]},{"@type":"WebSite","@id":"https:\/\/tuluminvestor.com\/fr\/#website","url":"https:\/\/tuluminvestor.com\/fr\/","name":"Tulum Investor","description":"Real Estate Broker in Tulum Mexico","potentialAction":[{"@type":"SearchAction","target":{"@type":"EntryPoint","urlTemplate":"https:\/\/tuluminvestor.com\/fr\/?s={search_term_string}"},"query-input":{"@type":"PropertyValueSpecification","valueRequired":true,"valueName":"search_term_string"}}],"inLanguage":"fr-FR"}]}},"_links":{"self":[{"href":"https:\/\/tuluminvestor.com\/fr\/wp-json\/wp\/v2\/pages\/44351","targetHints":{"allow":["GET"]}}],"collection":[{"href":"https:\/\/tuluminvestor.com\/fr\/wp-json\/wp\/v2\/pages"}],"about":[{"href":"https:\/\/tuluminvestor.com\/fr\/wp-json\/wp\/v2\/types\/page"}],"author":[{"embeddable":true,"href":"https:\/\/tuluminvestor.com\/fr\/wp-json\/wp\/v2\/users\/1"}],"replies":[{"embeddable":true,"href":"https:\/\/tuluminvestor.com\/fr\/wp-json\/wp\/v2\/comments?post=44351"}],"version-history":[{"count":0,"href":"https:\/\/tuluminvestor.com\/fr\/wp-json\/wp\/v2\/pages\/44351\/revisions"}],"wp:featuredmedia":[{"embeddable":true,"href":"https:\/\/tuluminvestor.com\/fr\/wp-json\/wp\/v2\/media\/44352"}],"wp:attachment":[{"href":"https:\/\/tuluminvestor.com\/fr\/wp-json\/wp\/v2\/media?parent=44351"}],"curies":[{"name":"wp","href":"https:\/\/api.w.org\/{rel}","templated":true}]}}