{"id":44134,"date":"2023-10-08T11:41:34","date_gmt":"2023-10-08T16:41:34","guid":{"rendered":"https:\/\/tuluminvestor.com\/aldea-zama-condos-a-vendre\/"},"modified":"2023-10-08T11:41:34","modified_gmt":"2023-10-08T16:41:34","slug":"aldea-zama-condos-a-vendre","status":"publish","type":"page","link":"https:\/\/tuluminvestor.com\/fr\/aldea-zama-condos-a-vendre\/","title":{"rendered":"Aldea Zama Condos \u00e0 vendre"},"content":{"rendered":"<h1>Aldea Zama Condos For Sale Offer : <strong>Achetez votre condominium \u00e0 Aldea Zama avec nous et obtenez 1 % de rabais !<\/strong><\/h1>\n<p style=\"\">Remplissez le formulaire pour t\u00e9l\u00e9charger la brochure des nouveaux projets de condos \u00e0 vendre \u00e0 Aldea Zama.  <span style=\"text-transform: capitalize !important;\">Nous vous contacterons bient\u00f4t.<\/span><\/p>\n<h3>Obtenez 1 % de remise :<\/h3>\n<p style=\"\">Nous vous restituons 1 % suppl\u00e9mentaire lorsque vous achetez chez nous :<\/p>\n<ul>\n<li style=\"\"><span>En plus du prix de vente r\u00e9duit du d\u00e9veloppeur.<\/span><\/li>\n<li style=\"\"><span>Il s&#8217;agit d&#8217;un bonus suppl\u00e9mentaire offert par notre agence.<\/span><\/li>\n<li style=\"\"><span>Contactez-nous pour participer \u00e0 cette offre.<\/span><\/li>\n<li style=\"\"><span>S&#8217;applique \u00e0 tout bien ou projet que vous achetez chez nous.<\/span><\/li>\n<\/ul>\n<h3 style=\"text-align: center;\"><strong>Obtenez un remboursement suppl\u00e9mentaire de 1 % de notre part !<\/strong><\/h3>\n<h3 style=\"\">Nouveaux projets de condos \u00e0 vendre :<\/h3>\n<p style=\"\">D\u00e9couvrez les nouveaux d\u00e9veloppements qui vendent des condos \u00e0 Aldea Zama :<\/p>\n<ul>\n<li style=\"\"><span>Prix r\u00e9duits pour la pr\u00e9-construction.<\/span><\/li>\n<li style=\"\"><span>Pr\u00e8s de la plage.<\/span><\/li>\n<li style=\"\"><span>Nouvelles constructions avec de grandes commodit\u00e9s.<\/span><\/li>\n<li style=\"\"><span>Options disponibles pour les dates de livraison en 2023, 2024 et 2025.<\/span><\/li>\n<\/ul>\n<h3 style=\"\"><strong>Obtenez les derni\u00e8res annonces !<\/strong><\/h3>\n<h4 style=\"\">Contactez-nous pour trouver votre meilleur appartement \u00e0 Aldea Zama et profitez de cette offre d\u00e8s aujourd&#8217;hui !<\/h4>\n<h2><strong>Aldea Zama Meilleur <span>emplacement<\/span><\/strong><\/h2>\n<p style=\"text-align: left;\"><!--StartFragment--><!--StartFragment-->Achetez un appartement dans une communaut\u00e9 priv\u00e9e et ferm\u00e9e plus agr\u00e9able.<\/p>\n<p style=\"text-align: left;\">\n<p style=\"text-align: left;\">Plus proche de la plage.<\/p>\n<p style=\"text-align: left;\">\n<p style=\"text-align: left;\">Qualit\u00e9 de construction haut de gamme.<\/p>\n<p style=\"text-align: left;\">\n<p style=\"text-align: left;\">Liste s\u00e9lective de plus de 10 nouveaux d\u00e9veloppements.<\/p>\n<p style=\"text-align: left;\">\n<p><span style=\"\"><img loading=\"lazy\" decoding=\"async\" alt=\"\" data-id=\"18420\" width=\"546\" data-init-width=\"1170\" height=\"246\" data-init-height=\"527\" title=\"aflora-tulum-condos-AFLORA DEPAS - 3BRLUX_2BR Sala comedor cocina\" loading=\"lazy\" src=\"https:\/\/tuluminvestor.com\/wp-content\/uploads\/2023\/09\/aflora-tulum-condos-AFLORA-DEPAS-3BRLUX_2BR-Sala-comedor-cocina.jpg\" data-width=\"546\" data-height=\"246\" style=\"aspect-ratio: auto 1170 \/ 527;\" mt-d=\"0\" ml-d=\"-8.521999999999935\"><\/span><span style=\"\"><img loading=\"lazy\" decoding=\"async\" alt=\"Tulum 101 Condos For Sale Kune\" data-id=\"20716\" width=\"544\" data-init-width=\"1170\" height=\"311\" data-init-height=\"668\" title=\"Tulum 101 Condos For Sale Humana Kune\" loading=\"lazy\" src=\"https:\/\/tuluminvestor.com\/wp-content\/uploads\/2023\/09\/tulum-101-kune-2.-AEREA.jpg\" data-width=\"544\" data-height=\"311\" style=\"aspect-ratio: auto 1170 \/ 668;\" mt-d=\"0\" ml-d=\"-7.365000000000009\"><\/span><span style=\"\"><img loading=\"lazy\" decoding=\"async\" alt=\"Kabana Aldea Zama\" data-id=\"20291\" width=\"548\" data-init-width=\"1170\" height=\"308\" data-init-height=\"658\" title=\"kabana aldea zama\" loading=\"lazy\" src=\"https:\/\/tuluminvestor.com\/wp-content\/uploads\/2023\/09\/luar-08_AEREA_SIN-PANELES.jpg\" data-width=\"548\" data-height=\"308\" style=\"aspect-ratio: auto 1170 \/ 658;\" ml-d=\"-1.5339999999999918\" mt-d=\"0\"><\/span><span style=\"\"><img loading=\"lazy\" decoding=\"async\" alt=\"\" data-id=\"19996\" width=\"555\" data-init-width=\"1053\" height=\"416\" data-init-height=\"790\" title=\"park101-CIRCULACION_2\" loading=\"lazy\" src=\"https:\/\/tuluminvestor.com\/wp-content\/uploads\/2023\/09\/park101-CIRCULACION_2.jpg\" data-width=\"555\" data-height=\"416\" style=\"aspect-ratio: auto 1053 \/ 790;\" mt-d=\"-2.0030000000000427\" ml-d=\"0\"><\/span><span style=\"\"><img loading=\"lazy\" decoding=\"async\" alt=\"\" data-id=\"18778\" width=\"565\" data-init-width=\"1170\" height=\"318\" data-init-height=\"658\" title=\"brahma-tulum-condos-Prototipo-Ext\u00e9rieur\" loading=\"lazy\" src=\"https:\/\/tuluminvestor.com\/wp-content\/uploads\/2023\/09\/brahma-tulum-condos-Prototipo-Exterior.jpg\" data-width=\"565\" data-height=\"318\" style=\"aspect-ratio: auto 1170 \/ 658;\" mt-d=\"0\" ml-d=\"0\"><\/span><span style=\"\"><img loading=\"lazy\" decoding=\"async\" alt=\"Itza 2 Aldea Maya\" data-id=\"20050\" width=\"523\" data-init-width=\"1170\" height=\"349\" data-init-height=\"780\" title=\"itza-Rooftop 301, 303 y 306\" loading=\"lazy\" src=\"https:\/\/tuluminvestor.com\/wp-content\/uploads\/2023\/09\/itza-Rooftop-301-303-y-306.jpg\" data-width=\"523\" data-height=\"349\" style=\"aspect-ratio: auto 1170 \/ 780;\" mt-d=\"-1.711999999999989\" ml-d=\"0\"><\/span><span style=\"\"><img loading=\"lazy\" decoding=\"async\" alt=\"\" data-id=\"18425\" width=\"551\" data-init-width=\"1170\" height=\"310\" data-init-height=\"658\" title=\"aflora-tulum-condos-AFLORA DEPAS_ROOFTOP_3BRPH-1\" loading=\"lazy\" src=\"https:\/\/tuluminvestor.com\/wp-content\/uploads\/2023\/09\/aflora-tulum-condos-AFLORA-DEPAS_ROOFTOP_3BRPH-1.jpg\" data-width=\"551\" data-height=\"310\" style=\"aspect-ratio: auto 1170 \/ 658;\" ml-d=\"-1.5339999999999918\" mt-d=\"0\"><\/span><\/p>\n<h3 style=\"\">Contactez-nous pour profiter de cette offre d\u00e8s aujourd&#8217;hui. Achetez votre condominium \u00e0 Aldea Zama avec nous et <strong>obtenez 1 % de rabais !<\/strong><\/h3>\n<\/p>\n<h2 style=\"text-align: center;\">Nos r\u00e9f\u00e9rences et nos adh\u00e9sions :<\/h2>\n<h2 style=\"text-align: center;\">Courtier immobilier expert \u00e0 Tulum depuis 2017.<\/h2>\n<p><span style=\"\"><img loading=\"lazy\" decoding=\"async\" alt=\"\" data-id=\"20981\" width=\"150\" data-init-width=\"585\" height=\"82\" data-init-height=\"318\" title=\"cips-logo2-compress\u00e9\" loading=\"lazy\" src=\"https:\/\/tuluminvestor.com\/wp-content\/uploads\/2023\/09\/cips-logo2-compressed-e1695784696479.png\" data-width=\"150\" data-height=\"82\" style=\"aspect-ratio: auto 585 \/ 318;\" mt-d=\"-1.0156000000000063\" ml-d=\"0\"><\/span><span style=\"\"><img loading=\"lazy\" decoding=\"async\" alt=\"\" data-id=\"20974\" width=\"85\" data-init-width=\"263\" height=\"97\" data-init-height=\"300\" title=\"ampi-logo\" loading=\"lazy\" src=\"https:\/\/tuluminvestor.com\/wp-content\/uploads\/2023\/09\/ampi-logo.png\" data-width=\"85\" data-height=\"97\" style=\"aspect-ratio: auto 263 \/ 300;\" mt-d=\"-0.6889000000000038\" ml-d=\"0\"><\/span><span style=\"\"><img loading=\"lazy\" decoding=\"async\" alt=\"\" data-id=\"20984\" width=\"109\" data-init-width=\"450\" height=\"121\" data-init-height=\"499\" title=\"logo nar\" loading=\"lazy\" src=\"https:\/\/tuluminvestor.com\/wp-content\/uploads\/2023\/09\/nar-logo.webp\" data-width=\"109\" data-height=\"121\" style=\"aspect-ratio: auto 450 \/ 499;\" mt-d=\"-1.164999999999992\" ml-d=\"0\"><\/span><span style=\"\"><img loading=\"lazy\" decoding=\"async\" alt=\"\" data-id=\"20987\" width=\"238\" data-init-width=\"300\" height=\"100\" data-init-height=\"126\" title=\"Capture d'\u00e9cran 2023-09-26 \u00e0 10.28.08 p.m. - redimensionn\u00e9e\" loading=\"lazy\" src=\"https:\/\/tuluminvestor.com\/wp-content\/uploads\/2023\/09\/Screenshot-2023-09-26-at-10.28.08-p.m.-resized.jpg\" data-width=\"238\" data-height=\"100\" style=\"aspect-ratio: auto 300 \/ 126;\" mt-d=\"-1.6479999999999961\" ml-d=\"0\"><\/span><\/p>\n<h3 style=\"\">Vous avez des questions ?<\/h3>\n<p style=\"\">Chat avec un agent maintenant avec Whatsapp<\/p>\n","protected":false},"excerpt":{"rendered":"<p>Aldea Zama Condos For Sale Offer : Achetez votre condominium \u00e0 Aldea Zama avec nous et obtenez 1 % de rabais ! Remplissez le formulaire pour t\u00e9l\u00e9charger la brochure des nouveaux projets de condos \u00e0 vendre \u00e0 Aldea Zama. Nous vous contacterons bient\u00f4t. Obtenez 1 % de remise : Nous vous restituons 1 % suppl\u00e9mentaire [&hellip;]<\/p>\n","protected":false},"author":1,"featured_media":0,"parent":0,"menu_order":0,"comment_status":"closed","ping_status":"closed","template":"","meta":{"content-type":"","footnotes":""},"class_list":["post-44134","page","type-page","status-publish","hentry"],"yoast_head":"<!-- This site is optimized with the Yoast SEO plugin v27.4 - https:\/\/yoast.com\/product\/yoast-seo-wordpress\/ -->\n<title>Aldea Zama Condos \u00e0 vendre | Tulum Investor<\/title>\n<meta name=\"robots\" content=\"noindex, nofollow\" \/>\n<meta property=\"og:locale\" content=\"fr_FR\" \/>\n<meta property=\"og:type\" content=\"article\" \/>\n<meta property=\"og:title\" content=\"Aldea Zama Condos \u00e0 vendre | Tulum Investor\" \/>\n<meta property=\"og:description\" content=\"Aldea Zama Condos For Sale Offer : Achetez votre condominium \u00e0 Aldea Zama avec nous et obtenez 1 % de rabais ! Remplissez le formulaire pour t\u00e9l\u00e9charger la brochure des nouveaux projets de condos \u00e0 vendre \u00e0 Aldea Zama. Nous vous contacterons bient\u00f4t. Obtenez 1 % de remise : Nous vous restituons 1 % suppl\u00e9mentaire [&hellip;]\" \/>\n<meta property=\"og:url\" content=\"https:\/\/tuluminvestor.com\/fr\/aldea-zama-condos-a-vendre\/\" \/>\n<meta property=\"og:site_name\" content=\"Tulum Investor\" \/>\n<meta property=\"article:publisher\" content=\"https:\/\/www.facebook.com\/tuluminvestor\" \/>\n<meta property=\"og:image\" content=\"https:\/\/tuluminvestor.com\/wp-content\/uploads\/2023\/09\/aflora-tulum-condos-AFLORA-DEPAS-3BRLUX_2BR-Sala-comedor-cocina.jpg\" \/>\n<meta name=\"twitter:card\" content=\"summary_large_image\" \/>\n<meta name=\"twitter:label1\" content=\"Dur\u00e9e de lecture estim\u00e9e\" \/>\n\t<meta name=\"twitter:data1\" content=\"1 minute\" \/>\n<script type=\"application\/ld+json\" class=\"yoast-schema-graph\">{\"@context\":\"https:\\\/\\\/schema.org\",\"@graph\":[{\"@type\":\"WebPage\",\"@id\":\"https:\\\/\\\/tuluminvestor.com\\\/fr\\\/aldea-zama-condos-a-vendre\\\/\",\"url\":\"https:\\\/\\\/tuluminvestor.com\\\/fr\\\/aldea-zama-condos-a-vendre\\\/\",\"name\":\"Aldea Zama Condos \u00e0 vendre | Tulum Investor\",\"isPartOf\":{\"@id\":\"https:\\\/\\\/tuluminvestor.com\\\/fr\\\/#website\"},\"primaryImageOfPage\":{\"@id\":\"https:\\\/\\\/tuluminvestor.com\\\/fr\\\/aldea-zama-condos-a-vendre\\\/#primaryimage\"},\"image\":{\"@id\":\"https:\\\/\\\/tuluminvestor.com\\\/fr\\\/aldea-zama-condos-a-vendre\\\/#primaryimage\"},\"thumbnailUrl\":\"https:\\\/\\\/tuluminvestor.com\\\/wp-content\\\/uploads\\\/2023\\\/09\\\/aflora-tulum-condos-AFLORA-DEPAS-3BRLUX_2BR-Sala-comedor-cocina.jpg\",\"datePublished\":\"2023-10-08T16:41:34+00:00\",\"breadcrumb\":{\"@id\":\"https:\\\/\\\/tuluminvestor.com\\\/fr\\\/aldea-zama-condos-a-vendre\\\/#breadcrumb\"},\"inLanguage\":\"fr-FR\",\"potentialAction\":[{\"@type\":\"ReadAction\",\"target\":[\"https:\\\/\\\/tuluminvestor.com\\\/fr\\\/aldea-zama-condos-a-vendre\\\/\"]}]},{\"@type\":\"ImageObject\",\"inLanguage\":\"fr-FR\",\"@id\":\"https:\\\/\\\/tuluminvestor.com\\\/fr\\\/aldea-zama-condos-a-vendre\\\/#primaryimage\",\"url\":\"https:\\\/\\\/tuluminvestor.com\\\/wp-content\\\/uploads\\\/2023\\\/09\\\/aflora-tulum-condos-AFLORA-DEPAS-3BRLUX_2BR-Sala-comedor-cocina.jpg\",\"contentUrl\":\"https:\\\/\\\/tuluminvestor.com\\\/wp-content\\\/uploads\\\/2023\\\/09\\\/aflora-tulum-condos-AFLORA-DEPAS-3BRLUX_2BR-Sala-comedor-cocina.jpg\"},{\"@type\":\"BreadcrumbList\",\"@id\":\"https:\\\/\\\/tuluminvestor.com\\\/fr\\\/aldea-zama-condos-a-vendre\\\/#breadcrumb\",\"itemListElement\":[{\"@type\":\"ListItem\",\"position\":1,\"name\":\"Home\",\"item\":\"https:\\\/\\\/tuluminvestor.com\\\/fr\\\/accueil\\\/\"},{\"@type\":\"ListItem\",\"position\":2,\"name\":\"Aldea Zama Condos \u00e0 vendre\"}]},{\"@type\":\"WebSite\",\"@id\":\"https:\\\/\\\/tuluminvestor.com\\\/fr\\\/#website\",\"url\":\"https:\\\/\\\/tuluminvestor.com\\\/fr\\\/\",\"name\":\"Tulum Investor\",\"description\":\"Real Estate Broker in Tulum Mexico\",\"potentialAction\":[{\"@type\":\"SearchAction\",\"target\":{\"@type\":\"EntryPoint\",\"urlTemplate\":\"https:\\\/\\\/tuluminvestor.com\\\/fr\\\/?s={search_term_string}\"},\"query-input\":{\"@type\":\"PropertyValueSpecification\",\"valueRequired\":true,\"valueName\":\"search_term_string\"}}],\"inLanguage\":\"fr-FR\"}]}<\/script>\n<!-- \/ Yoast SEO plugin. -->","yoast_head_json":{"title":"Aldea Zama Condos \u00e0 vendre | Tulum Investor","robots":{"index":"noindex","follow":"nofollow"},"og_locale":"fr_FR","og_type":"article","og_title":"Aldea Zama Condos \u00e0 vendre | Tulum Investor","og_description":"Aldea Zama Condos For Sale Offer : Achetez votre condominium \u00e0 Aldea Zama avec nous et obtenez 1 % de rabais ! Remplissez le formulaire pour t\u00e9l\u00e9charger la brochure des nouveaux projets de condos \u00e0 vendre \u00e0 Aldea Zama. Nous vous contacterons bient\u00f4t. Obtenez 1 % de remise : Nous vous restituons 1 % suppl\u00e9mentaire [&hellip;]","og_url":"https:\/\/tuluminvestor.com\/fr\/aldea-zama-condos-a-vendre\/","og_site_name":"Tulum Investor","article_publisher":"https:\/\/www.facebook.com\/tuluminvestor","og_image":[{"url":"https:\/\/tuluminvestor.com\/wp-content\/uploads\/2023\/09\/aflora-tulum-condos-AFLORA-DEPAS-3BRLUX_2BR-Sala-comedor-cocina.jpg","type":"","width":"","height":""}],"twitter_card":"summary_large_image","twitter_misc":{"Dur\u00e9e de lecture estim\u00e9e":"1 minute"},"schema":{"@context":"https:\/\/schema.org","@graph":[{"@type":"WebPage","@id":"https:\/\/tuluminvestor.com\/fr\/aldea-zama-condos-a-vendre\/","url":"https:\/\/tuluminvestor.com\/fr\/aldea-zama-condos-a-vendre\/","name":"Aldea Zama Condos \u00e0 vendre | Tulum Investor","isPartOf":{"@id":"https:\/\/tuluminvestor.com\/fr\/#website"},"primaryImageOfPage":{"@id":"https:\/\/tuluminvestor.com\/fr\/aldea-zama-condos-a-vendre\/#primaryimage"},"image":{"@id":"https:\/\/tuluminvestor.com\/fr\/aldea-zama-condos-a-vendre\/#primaryimage"},"thumbnailUrl":"https:\/\/tuluminvestor.com\/wp-content\/uploads\/2023\/09\/aflora-tulum-condos-AFLORA-DEPAS-3BRLUX_2BR-Sala-comedor-cocina.jpg","datePublished":"2023-10-08T16:41:34+00:00","breadcrumb":{"@id":"https:\/\/tuluminvestor.com\/fr\/aldea-zama-condos-a-vendre\/#breadcrumb"},"inLanguage":"fr-FR","potentialAction":[{"@type":"ReadAction","target":["https:\/\/tuluminvestor.com\/fr\/aldea-zama-condos-a-vendre\/"]}]},{"@type":"ImageObject","inLanguage":"fr-FR","@id":"https:\/\/tuluminvestor.com\/fr\/aldea-zama-condos-a-vendre\/#primaryimage","url":"https:\/\/tuluminvestor.com\/wp-content\/uploads\/2023\/09\/aflora-tulum-condos-AFLORA-DEPAS-3BRLUX_2BR-Sala-comedor-cocina.jpg","contentUrl":"https:\/\/tuluminvestor.com\/wp-content\/uploads\/2023\/09\/aflora-tulum-condos-AFLORA-DEPAS-3BRLUX_2BR-Sala-comedor-cocina.jpg"},{"@type":"BreadcrumbList","@id":"https:\/\/tuluminvestor.com\/fr\/aldea-zama-condos-a-vendre\/#breadcrumb","itemListElement":[{"@type":"ListItem","position":1,"name":"Home","item":"https:\/\/tuluminvestor.com\/fr\/accueil\/"},{"@type":"ListItem","position":2,"name":"Aldea Zama Condos \u00e0 vendre"}]},{"@type":"WebSite","@id":"https:\/\/tuluminvestor.com\/fr\/#website","url":"https:\/\/tuluminvestor.com\/fr\/","name":"Tulum Investor","description":"Real Estate Broker in Tulum Mexico","potentialAction":[{"@type":"SearchAction","target":{"@type":"EntryPoint","urlTemplate":"https:\/\/tuluminvestor.com\/fr\/?s={search_term_string}"},"query-input":{"@type":"PropertyValueSpecification","valueRequired":true,"valueName":"search_term_string"}}],"inLanguage":"fr-FR"}]}},"_links":{"self":[{"href":"https:\/\/tuluminvestor.com\/fr\/wp-json\/wp\/v2\/pages\/44134","targetHints":{"allow":["GET"]}}],"collection":[{"href":"https:\/\/tuluminvestor.com\/fr\/wp-json\/wp\/v2\/pages"}],"about":[{"href":"https:\/\/tuluminvestor.com\/fr\/wp-json\/wp\/v2\/types\/page"}],"author":[{"embeddable":true,"href":"https:\/\/tuluminvestor.com\/fr\/wp-json\/wp\/v2\/users\/1"}],"replies":[{"embeddable":true,"href":"https:\/\/tuluminvestor.com\/fr\/wp-json\/wp\/v2\/comments?post=44134"}],"version-history":[{"count":0,"href":"https:\/\/tuluminvestor.com\/fr\/wp-json\/wp\/v2\/pages\/44134\/revisions"}],"wp:attachment":[{"href":"https:\/\/tuluminvestor.com\/fr\/wp-json\/wp\/v2\/media?parent=44134"}],"curies":[{"name":"wp","href":"https:\/\/api.w.org\/{rel}","templated":true}]}}