{"id":33481,"date":"2024-04-19T08:46:15","date_gmt":"2024-04-19T13:46:15","guid":{"rendered":"https:\/\/tuluminvestor.com\/?page_id=33481"},"modified":"2024-04-23T17:23:43","modified_gmt":"2024-04-23T22:23:43","slug":"contacter-tulum-investor-immobilier","status":"publish","type":"page","link":"https:\/\/tuluminvestor.com\/fr\/contacter-tulum-investor-immobilier\/","title":{"rendered":"Contacter Tulum Investor Immobilier"},"content":{"rendered":"<p> __CONFIG_colors_palette__{&#8220;active_palette&#8221;:0,&#8221;config&#8221;:{&#8220;colors&#8221;:{&#8220;62516&#8221;:{&#8220;name&#8221;:&#8221;Main Accent&#8221;,&#8221;parent&#8221;:-1}},&#8221;gradients&#8221;:[]},&#8221;palettes&#8221;:[{&#8220;name&#8221;:&#8221;Default Palette&#8221;,&#8221;value&#8221;:{&#8220;colors&#8221;:{&#8220;62516&#8221;:{&#8220;val&#8221;:&#8221;rgb(213, 63, 30)&#8221;}},&#8221;gradients&#8221;:[]}}]}__CONFIG_colors_palette__ <a href=\"tel:=+523319756303\" target=\"_blank\" rel=\"noopener\"><span>  <\/span> <span><span style=\"\"><strong>PARLER AVEC UN AGENT<\/strong><\/span><\/span> <\/a>  __CONFIG_colors_palette__{&#8220;active_palette&#8221;:0,&#8221;config&#8221;:{&#8220;colors&#8221;:{&#8220;62516&#8221;:{&#8220;name&#8221;:&#8221;Main Accent&#8221;,&#8221;parent&#8221;:-1}},&#8221;gradients&#8221;:[]},&#8221;palettes&#8221;:[{&#8220;name&#8221;:&#8221;Default Palette&#8221;,&#8221;value&#8221;:{&#8220;colors&#8221;:{&#8220;62516&#8221;:{&#8220;val&#8221;:&#8221;rgb(37, 211, 102)&#8221;}},&#8221;gradients&#8221;:[]}}]}__CONFIG_colors_palette__ <a href=\"https:\/\/api.whatsapp.com\/send?phone=523319756303&amp;text=Salut,%20je%20suis%20int%C3%A9ress%C3%A9(e)%20pour%20acheter%20un%20bien%20immobilier%20%C3%A0%20Tulum.%20J'aurais%20besoin%20de%20plus%20d'infos%20!\" target=\"_blank\" rel=\"noopener\"><span>  <\/span> <span><span style=\"\"><strong>WHATSAPP UN AGENT<\/strong><\/span><\/span> <\/a> <\/p>\n<h2 style=\"\"><span style=\"font-weight: normal;\">Contactez-Nous \u00c0 Tulum Investor:<\/span><\/h2>\n<h1><span style=\"font-weight: normal;\">\u200b<strong><span style=\"--tcb-applied-color: rgb(0, 66, 116) !important; color: rgb(0, 66, 116) !important;\">Agence Immobili\u00e8re<\/span> Tulum Mexique<\/strong><\/span><\/h1>\n<h1 style=\"\"><span style=\"font-weight: normal;\">&nbsp;Agents <\/span><span><strong><span style=\"--tcb-applied-color: rgb(0, 66, 116) !important; color: rgb(0, 66, 116) !important;\">Francophones<\/span><\/strong><\/span><span style=\"font-weight: normal;\"> Immobiliers Experts \u00c0 Tulum<\/span><\/h1>\n<ul style=\"\">\n<li style=\"\"><span style=\"\">Av. Itzamna s\/n, Aldea Zama, Tulum, Q.R., 77760<\/span><\/li>\n<li style=\"\"><span style=\"\"><span data-attr-id=\"5\" data-extra_key=\"1\" data-option-inline=\"1\" data-shortcode=\"thrive_global_fields\" data-shortcode-name=\"[Company] Email address\" style=\"\" data-attr-static-link=\"{&quot;className&quot;:&quot;&quot;,&quot;class&quot;:&quot;&quot;,&quot;href&quot;:&quot;mailto:sales@tuluminvestor.com&quot;}\"><a href=\"mailto:sales@tuluminvestor.com\">sales@tuluminvestor.com<\/a><\/span><\/span><\/li>\n<li style=\"\"><span style=\"\"><strong><span data-attr-id=\"3\" data-extra_key=\"1\" data-option-inline=\"1\" data-shortcode=\"thrive_global_fields\" data-shortcode-name=\"[Company] Phone number\">+52 331-975-6303<\/span><\/strong><\/span><\/li>\n<\/ul>\n<h4 style=\"\">Envoyez-nous vos questions ou messages ici:<\/h4>\n","protected":false},"excerpt":{"rendered":"<p>__CONFIG_colors_palette__{&#8220;active_palette&#8221;:0,&#8221;config&#8221;:{&#8220;colors&#8221;:{&#8220;62516&#8221;:{&#8220;name&#8221;:&#8221;Main Accent&#8221;,&#8221;parent&#8221;:-1}},&#8221;gradients&#8221;:[]},&#8221;palettes&#8221;:[{&#8220;name&#8221;:&#8221;Default Palette&#8221;,&#8221;value&#8221;:{&#8220;colors&#8221;:{&#8220;62516&#8221;:{&#8220;val&#8221;:&#8221;rgb(213, 63, 30)&#8221;}},&#8221;gradients&#8221;:[]}}]}__CONFIG_colors_palette__ PARLER AVEC UN AGENT __CONFIG_colors_palette__{&#8220;active_palette&#8221;:0,&#8221;config&#8221;:{&#8220;colors&#8221;:{&#8220;62516&#8221;:{&#8220;name&#8221;:&#8221;Main Accent&#8221;,&#8221;parent&#8221;:-1}},&#8221;gradients&#8221;:[]},&#8221;palettes&#8221;:[{&#8220;name&#8221;:&#8221;Default Palette&#8221;,&#8221;value&#8221;:{&#8220;colors&#8221;:{&#8220;62516&#8221;:{&#8220;val&#8221;:&#8221;rgb(37, 211, 102)&#8221;}},&#8221;gradients&#8221;:[]}}]}__CONFIG_colors_palette__ WHATSAPP UN AGENT Contactez-Nous \u00c0 Tulum Investor: \u200bAgence Immobili\u00e8re Tulum Mexique &nbsp;Agents Francophones Immobiliers Experts \u00c0 Tulum Av. Itzamna s\/n, Aldea Zama, Tulum, Q.R., 77760 sales@tuluminvestor.com +52 331-975-6303 Envoyez-nous vos questions ou messages ici:<\/p>\n","protected":false},"author":1,"featured_media":33313,"parent":0,"menu_order":0,"comment_status":"closed","ping_status":"closed","template":"","meta":{"content-type":"","footnotes":""},"class_list":["post-33481","page","type-page","status-publish","has-post-thumbnail","hentry"],"yoast_head":"<!-- This site is optimized with the Yoast SEO plugin v27.4 - https:\/\/yoast.com\/product\/yoast-seo-wordpress\/ -->\n<title>Contacter Tulum Investor Immobilier | Tulum Investor<\/title>\n<meta name=\"description\" content=\"Questions sur l&#039;immobilier \u00e0 Tulum? Contactez-nous! R\u00e9ponses rapides et service attentionn\u00e9. Agence Immobili\u00e8re Tulum Mexique Francophone.\" \/>\n<meta name=\"robots\" content=\"index, follow, max-snippet:-1, max-image-preview:large, max-video-preview:-1\" \/>\n<link rel=\"canonical\" href=\"https:\/\/tuluminvestor.com\/fr\/contacter-tulum-investor-immobilier\/\" \/>\n<meta property=\"og:locale\" content=\"fr_FR\" \/>\n<meta property=\"og:type\" content=\"article\" \/>\n<meta property=\"og:title\" content=\"Contacter Tulum Investor Immobilier | Tulum Investor\" \/>\n<meta property=\"og:description\" content=\"Questions sur l&#039;immobilier \u00e0 Tulum? Contactez-nous! R\u00e9ponses rapides et service attentionn\u00e9. Agence Immobili\u00e8re Tulum Mexique Francophone.\" \/>\n<meta property=\"og:url\" content=\"https:\/\/tuluminvestor.com\/fr\/contacter-tulum-investor-immobilier\/\" \/>\n<meta property=\"og:site_name\" content=\"Tulum Investor\" \/>\n<meta property=\"article:publisher\" content=\"https:\/\/www.facebook.com\/tuluminvestor\" \/>\n<meta property=\"article:modified_time\" content=\"2024-04-23T22:23:43+00:00\" \/>\n<meta property=\"og:image\" content=\"https:\/\/tuluminvestor.com\/wp-content\/uploads\/2023\/09\/tuluminvestor.com-brahma-POSTERIOR_1-copia.jpg\" \/>\n\t<meta property=\"og:image:width\" content=\"796\" \/>\n\t<meta property=\"og:image:height\" content=\"612\" \/>\n\t<meta property=\"og:image:type\" content=\"image\/jpeg\" \/>\n<meta name=\"twitter:card\" content=\"summary_large_image\" \/>\n<meta name=\"twitter:label1\" content=\"Dur\u00e9e de lecture estim\u00e9e\" \/>\n\t<meta name=\"twitter:data1\" content=\"1 minute\" \/>\n<script type=\"application\/ld+json\" class=\"yoast-schema-graph\">{\"@context\":\"https:\\\/\\\/schema.org\",\"@graph\":[{\"@type\":\"WebPage\",\"@id\":\"https:\\\/\\\/tuluminvestor.com\\\/fr\\\/contacter-tulum-investor-immobilier\\\/\",\"url\":\"https:\\\/\\\/tuluminvestor.com\\\/fr\\\/contacter-tulum-investor-immobilier\\\/\",\"name\":\"Contacter Tulum Investor Immobilier | Tulum Investor\",\"isPartOf\":{\"@id\":\"https:\\\/\\\/tuluminvestor.com\\\/fr\\\/#website\"},\"primaryImageOfPage\":{\"@id\":\"https:\\\/\\\/tuluminvestor.com\\\/fr\\\/contacter-tulum-investor-immobilier\\\/#primaryimage\"},\"image\":{\"@id\":\"https:\\\/\\\/tuluminvestor.com\\\/fr\\\/contacter-tulum-investor-immobilier\\\/#primaryimage\"},\"thumbnailUrl\":\"https:\\\/\\\/tuluminvestor.com\\\/wp-content\\\/uploads\\\/2023\\\/09\\\/tuluminvestor.com-brahma-POSTERIOR_1-copia.jpg\",\"datePublished\":\"2024-04-19T13:46:15+00:00\",\"dateModified\":\"2024-04-23T22:23:43+00:00\",\"description\":\"Questions sur l'immobilier \u00e0 Tulum? Contactez-nous! R\u00e9ponses rapides et service attentionn\u00e9. Agence Immobili\u00e8re Tulum Mexique Francophone.\",\"breadcrumb\":{\"@id\":\"https:\\\/\\\/tuluminvestor.com\\\/fr\\\/contacter-tulum-investor-immobilier\\\/#breadcrumb\"},\"inLanguage\":\"fr-FR\",\"potentialAction\":[{\"@type\":\"ReadAction\",\"target\":[\"https:\\\/\\\/tuluminvestor.com\\\/fr\\\/contacter-tulum-investor-immobilier\\\/\"]}]},{\"@type\":\"ImageObject\",\"inLanguage\":\"fr-FR\",\"@id\":\"https:\\\/\\\/tuluminvestor.com\\\/fr\\\/contacter-tulum-investor-immobilier\\\/#primaryimage\",\"url\":\"https:\\\/\\\/tuluminvestor.com\\\/wp-content\\\/uploads\\\/2023\\\/09\\\/tuluminvestor.com-brahma-POSTERIOR_1-copia.jpg\",\"contentUrl\":\"https:\\\/\\\/tuluminvestor.com\\\/wp-content\\\/uploads\\\/2023\\\/09\\\/tuluminvestor.com-brahma-POSTERIOR_1-copia.jpg\",\"width\":796,\"height\":612,\"caption\":\"contacter tulum investor Agence Immobili\u00e8re Tulum Mexique francophone\"},{\"@type\":\"BreadcrumbList\",\"@id\":\"https:\\\/\\\/tuluminvestor.com\\\/fr\\\/contacter-tulum-investor-immobilier\\\/#breadcrumb\",\"itemListElement\":[{\"@type\":\"ListItem\",\"position\":1,\"name\":\"Home\",\"item\":\"https:\\\/\\\/tuluminvestor.com\\\/fr\\\/accueil\\\/\"},{\"@type\":\"ListItem\",\"position\":2,\"name\":\"Contacter Tulum Investor Immobilier\"}]},{\"@type\":\"WebSite\",\"@id\":\"https:\\\/\\\/tuluminvestor.com\\\/fr\\\/#website\",\"url\":\"https:\\\/\\\/tuluminvestor.com\\\/fr\\\/\",\"name\":\"Tulum Investor\",\"description\":\"Real Estate Broker in Tulum Mexico\",\"potentialAction\":[{\"@type\":\"SearchAction\",\"target\":{\"@type\":\"EntryPoint\",\"urlTemplate\":\"https:\\\/\\\/tuluminvestor.com\\\/fr\\\/?s={search_term_string}\"},\"query-input\":{\"@type\":\"PropertyValueSpecification\",\"valueRequired\":true,\"valueName\":\"search_term_string\"}}],\"inLanguage\":\"fr-FR\"}]}<\/script>\n<!-- \/ Yoast SEO plugin. -->","yoast_head_json":{"title":"Contacter Tulum Investor Immobilier | Tulum Investor","description":"Questions sur l'immobilier \u00e0 Tulum? Contactez-nous! R\u00e9ponses rapides et service attentionn\u00e9. Agence Immobili\u00e8re Tulum Mexique Francophone.","robots":{"index":"index","follow":"follow","max-snippet":"max-snippet:-1","max-image-preview":"max-image-preview:large","max-video-preview":"max-video-preview:-1"},"canonical":"https:\/\/tuluminvestor.com\/fr\/contacter-tulum-investor-immobilier\/","og_locale":"fr_FR","og_type":"article","og_title":"Contacter Tulum Investor Immobilier | Tulum Investor","og_description":"Questions sur l'immobilier \u00e0 Tulum? Contactez-nous! R\u00e9ponses rapides et service attentionn\u00e9. Agence Immobili\u00e8re Tulum Mexique Francophone.","og_url":"https:\/\/tuluminvestor.com\/fr\/contacter-tulum-investor-immobilier\/","og_site_name":"Tulum Investor","article_publisher":"https:\/\/www.facebook.com\/tuluminvestor","article_modified_time":"2024-04-23T22:23:43+00:00","og_image":[{"width":796,"height":612,"url":"https:\/\/tuluminvestor.com\/wp-content\/uploads\/2023\/09\/tuluminvestor.com-brahma-POSTERIOR_1-copia.jpg","type":"image\/jpeg"}],"twitter_card":"summary_large_image","twitter_misc":{"Dur\u00e9e de lecture estim\u00e9e":"1 minute"},"schema":{"@context":"https:\/\/schema.org","@graph":[{"@type":"WebPage","@id":"https:\/\/tuluminvestor.com\/fr\/contacter-tulum-investor-immobilier\/","url":"https:\/\/tuluminvestor.com\/fr\/contacter-tulum-investor-immobilier\/","name":"Contacter Tulum Investor Immobilier | Tulum Investor","isPartOf":{"@id":"https:\/\/tuluminvestor.com\/fr\/#website"},"primaryImageOfPage":{"@id":"https:\/\/tuluminvestor.com\/fr\/contacter-tulum-investor-immobilier\/#primaryimage"},"image":{"@id":"https:\/\/tuluminvestor.com\/fr\/contacter-tulum-investor-immobilier\/#primaryimage"},"thumbnailUrl":"https:\/\/tuluminvestor.com\/wp-content\/uploads\/2023\/09\/tuluminvestor.com-brahma-POSTERIOR_1-copia.jpg","datePublished":"2024-04-19T13:46:15+00:00","dateModified":"2024-04-23T22:23:43+00:00","description":"Questions sur l'immobilier \u00e0 Tulum? Contactez-nous! R\u00e9ponses rapides et service attentionn\u00e9. Agence Immobili\u00e8re Tulum Mexique Francophone.","breadcrumb":{"@id":"https:\/\/tuluminvestor.com\/fr\/contacter-tulum-investor-immobilier\/#breadcrumb"},"inLanguage":"fr-FR","potentialAction":[{"@type":"ReadAction","target":["https:\/\/tuluminvestor.com\/fr\/contacter-tulum-investor-immobilier\/"]}]},{"@type":"ImageObject","inLanguage":"fr-FR","@id":"https:\/\/tuluminvestor.com\/fr\/contacter-tulum-investor-immobilier\/#primaryimage","url":"https:\/\/tuluminvestor.com\/wp-content\/uploads\/2023\/09\/tuluminvestor.com-brahma-POSTERIOR_1-copia.jpg","contentUrl":"https:\/\/tuluminvestor.com\/wp-content\/uploads\/2023\/09\/tuluminvestor.com-brahma-POSTERIOR_1-copia.jpg","width":796,"height":612,"caption":"contacter tulum investor Agence Immobili\u00e8re Tulum Mexique francophone"},{"@type":"BreadcrumbList","@id":"https:\/\/tuluminvestor.com\/fr\/contacter-tulum-investor-immobilier\/#breadcrumb","itemListElement":[{"@type":"ListItem","position":1,"name":"Home","item":"https:\/\/tuluminvestor.com\/fr\/accueil\/"},{"@type":"ListItem","position":2,"name":"Contacter Tulum Investor Immobilier"}]},{"@type":"WebSite","@id":"https:\/\/tuluminvestor.com\/fr\/#website","url":"https:\/\/tuluminvestor.com\/fr\/","name":"Tulum Investor","description":"Real Estate Broker in Tulum Mexico","potentialAction":[{"@type":"SearchAction","target":{"@type":"EntryPoint","urlTemplate":"https:\/\/tuluminvestor.com\/fr\/?s={search_term_string}"},"query-input":{"@type":"PropertyValueSpecification","valueRequired":true,"valueName":"search_term_string"}}],"inLanguage":"fr-FR"}]}},"_links":{"self":[{"href":"https:\/\/tuluminvestor.com\/fr\/wp-json\/wp\/v2\/pages\/33481","targetHints":{"allow":["GET"]}}],"collection":[{"href":"https:\/\/tuluminvestor.com\/fr\/wp-json\/wp\/v2\/pages"}],"about":[{"href":"https:\/\/tuluminvestor.com\/fr\/wp-json\/wp\/v2\/types\/page"}],"author":[{"embeddable":true,"href":"https:\/\/tuluminvestor.com\/fr\/wp-json\/wp\/v2\/users\/1"}],"replies":[{"embeddable":true,"href":"https:\/\/tuluminvestor.com\/fr\/wp-json\/wp\/v2\/comments?post=33481"}],"version-history":[{"count":0,"href":"https:\/\/tuluminvestor.com\/fr\/wp-json\/wp\/v2\/pages\/33481\/revisions"}],"wp:featuredmedia":[{"embeddable":true,"href":"https:\/\/tuluminvestor.com\/fr\/wp-json\/wp\/v2\/media\/33313"}],"wp:attachment":[{"href":"https:\/\/tuluminvestor.com\/fr\/wp-json\/wp\/v2\/media?parent=33481"}],"curies":[{"name":"wp","href":"https:\/\/api.w.org\/{rel}","templated":true}]}}