{"id":33475,"date":"2024-04-19T08:36:51","date_gmt":"2024-04-19T13:36:51","guid":{"rendered":"https:\/\/tuluminvestor.com\/?page_id=33475"},"modified":"2024-04-23T19:30:37","modified_gmt":"2024-04-24T00:30:37","slug":"nous","status":"publish","type":"page","link":"https:\/\/tuluminvestor.com\/fr\/nous\/","title":{"rendered":"Nous"},"content":{"rendered":"<p> __CONFIG_colors_palette__{&#8220;active_palette&#8221;:0,&#8221;config&#8221;:{&#8220;colors&#8221;:{&#8220;62516&#8221;:{&#8220;name&#8221;:&#8221;Main Accent&#8221;,&#8221;parent&#8221;:-1}},&#8221;gradients&#8221;:[]},&#8221;palettes&#8221;:[{&#8220;name&#8221;:&#8221;Default Palette&#8221;,&#8221;value&#8221;:{&#8220;colors&#8221;:{&#8220;62516&#8221;:{&#8220;val&#8221;:&#8221;rgb(213, 63, 30)&#8221;}},&#8221;gradients&#8221;:[]}}]}__CONFIG_colors_palette__ <a href=\"tel:=+523319756303\" target=\"_blank\" rel=\"noopener\"><span>  <\/span> <span><span style=\"\"><strong>PARLER AVEC UN AGENT<\/strong><\/span><\/span> <\/a>  __CONFIG_colors_palette__{&#8220;active_palette&#8221;:0,&#8221;config&#8221;:{&#8220;colors&#8221;:{&#8220;62516&#8221;:{&#8220;name&#8221;:&#8221;Main Accent&#8221;,&#8221;parent&#8221;:-1}},&#8221;gradients&#8221;:[]},&#8221;palettes&#8221;:[{&#8220;name&#8221;:&#8221;Default Palette&#8221;,&#8221;value&#8221;:{&#8220;colors&#8221;:{&#8220;62516&#8221;:{&#8220;val&#8221;:&#8221;rgb(37, 211, 102)&#8221;}},&#8221;gradients&#8221;:[]}}]}__CONFIG_colors_palette__ <a href=\"https:\/\/api.whatsapp.com\/send?phone=523319756303&amp;text=Salut,%20je%20suis%20int%C3%A9ress%C3%A9(e)%20pour%20acheter%20un%20bien%20immobilier%20%C3%A0%20Tulum.%20J'aurais%20besoin%20de%20plus%20d'infos%20!\" target=\"_blank\" rel=\"noopener\"><span>  <\/span> <span><span style=\"\"><strong>WHATSAPP UN AGENT<\/strong><\/span><\/span> <\/a> <\/p>\n<h1 style=\"\"><span style=\"--tcb-applied-color: rgb(0, 66, 116) !important; color: rgb(0, 66, 116) !important;\">Votre Agence Immobili\u00e8re<\/span> Tulum Mexique<\/h1>\n<h2 style=\"\">Tulum Investor IMMOBILIER<\/h2>\n<p data-sourcepos=\"3:1-3:47\" style=\"\">Tulum Investor a ouvert ses portes en 2018.<\/p>\n<p data-sourcepos=\"5:1-5:94\" style=\"\">Au d\u00e9part, nos clients \u00e9taient majoritairement des acheteurs \u00e9trangers. Principalement des \u00c9tats-Unis et du Canada. Quelques Europ\u00e9ens de temps en temps \u00e9galement.<\/p>\n<p data-sourcepos=\"7:1-7:120\" style=\"\">Cependant, depuis la pand\u00e9mie environ, les acheteurs et investisseurs mexicains ont commenc\u00e9 \u00e0 s&#8217;int\u00e9resser \u00e0 Tulum.<\/p>\n<p data-sourcepos=\"9:1-9:22\" style=\"\">Aujourd&#8217;hui, les Mexicains sont beaucoup plus int\u00e9ress\u00e9s par les opportunit\u00e9s disponibles pour acheter un nouvel appartement ou une maison \u00e0 Tulum.<\/p>\n<p data-sourcepos=\"11:1-11:112\" style=\"\">Nous sommes sp\u00e9cialistes des nouvelles propri\u00e9t\u00e9s en pr\u00e9vente directe des promoteurs les plus importants de la r\u00e9gion.<\/p>\n<p data-sourcepos=\"13:1-13:88\" style=\"\">Si vous recherchez une propri\u00e9t\u00e9 \u00e0 acheter \u00e0 Tulum, nous sommes l\u00e0 pour vous servir.<\/p>\n<p data-sourcepos=\"13:1-13:88\" style=\"\">On est Votre Agence Immobili\u00e8re Tulum Mexique, on est Mexicains mais on est francophones!<\/p>\n<h6 style=\"\"><strong>CONTACTEZ-NOUS D\u00c8S AUJOURD&#8217;HUI !<\/strong><\/h6>\n<p><span><img loading=\"lazy\" decoding=\"async\" alt=\"Tulum Realtor-Tulum Investor Real Estate BORKER | ILUI WEEKS\" data-id=\"8908\" width=\"160\" data-init-width=\"500\" height=\"160\" data-init-height=\"500\" loading=\"lazy\" src=\"https:\/\/tuluminvestor.com\/wp-content\/uploads\/2019\/01\/iweeks-ti-500x500.png\" data-width=\"160\" data-height=\"160\" title=\"Tulum Investor Real Estate | ILUI WEEKS\" style=\"aspect-ratio: auto 500 \/ 500;\"><span style=\"\"><\/span><\/span><\/p>\n<h4>ILUI WEEKS<\/h4>\n<p style=\"\">FONDATEUR<\/p>\n<p data-sourcepos=\"3:1-3:48\" style=\"\">Plus de 15 ans \u00e0 vivre dans la Riviera Maya.<\/p>\n<p data-sourcepos=\"5:1-5:72\" style=\"\">J&#8217;ai commenc\u00e9 \u00e0 travailler dans l&#8217;immobilier \u00e0 Quintana Roo en 2017.<\/p>\n<p data-sourcepos=\"5:1-5:72\" style=\"\">J&#8217;ai d\u00e9cid\u00e9 de fonder ma propre agence Immobili\u00e8re Tulum Mexique: Et comme \u00e7a, Tulum Investor est n\u00e9.<\/p>\n<p data-sourcepos=\"7:1-7:84\" style=\"\">Sp\u00e9cialis\u00e9 principalement dans les nouveaux d\u00e9veloppements immobiliers de Tulum.<\/p>\n<h2 style=\"text-align: center;\"><strong>Tulum Investor<\/strong><\/h2>\n<h2 style=\"text-align: center;\"><strong>Agence Immobili\u00e8re Tulum<\/strong><strong>&nbsp;Mexique<\/strong><\/h2>\n<h2 style=\"text-align: center;\">Planifiez un appel avec l&#8217;un de nos agents immobiliers Experts \u00c0 Tulum Mexique.<\/h2>\n<p>__CONFIG_colors_palette__{&#8220;active_palette&#8221;:0,&#8221;config&#8221;:{&#8220;colors&#8221;:{&#8220;99e1e&#8221;:{&#8220;name&#8221;:&#8221;Main Accent&#8221;,&#8221;parent&#8221;:-1}},&#8221;gradients&#8221;:[]},&#8221;palettes&#8221;:[{&#8220;name&#8221;:&#8221;Main Accent&#8221;,&#8221;value&#8221;:{&#8220;colors&#8221;:{&#8220;99e1e&#8221;:{&#8220;val&#8221;:&#8221;var(7e95d)&#8221;,&#8221;hsl&#8221;:{&#8220;h&#8221;:210,&#8221;s&#8221;:0.78,&#8221;l&#8221;:0.01,&#8221;a&#8221;:1}}},&#8221;gradients&#8221;:[]},&#8221;original&#8221;:{&#8220;colors&#8221;:{&#8220;99e1e&#8221;:{&#8220;val&#8221;:&#8221;rgb(47, 138, 229)&#8221;,&#8221;hsl&#8221;:{&#8220;h&#8221;:210,&#8221;s&#8221;:0.77,&#8221;l&#8221;:0.54,&#8221;a&#8221;:1}}},&#8221;gradients&#8221;:[]}}]}__CONFIG_colors_palette__    <\/p>\n<p style=\"\">pr\u00c9nom*<\/p>\n<p style=\"\">Email*<\/p>\n<p style=\"\">PORTABLE OU WHATSAPP*<\/p>\n<p>  __CONFIG_colors_palette__{&#8220;active_palette&#8221;:0,&#8221;config&#8221;:{&#8220;colors&#8221;:{&#8220;9bd08&#8221;:{&#8220;name&#8221;:&#8221;Main Accent&#8221;,&#8221;parent&#8221;:-1}},&#8221;gradients&#8221;:[]},&#8221;palettes&#8221;:[{&#8220;name&#8221;:&#8221;Default Palette&#8221;,&#8221;value&#8221;:{&#8220;colors&#8221;:{&#8220;9bd08&#8221;:{&#8220;val&#8221;:&#8221;var(&#8211;tcb-local-color-99e1e)&#8221;,&#8221;hsl&#8221;:{&#8220;h&#8221;:210,&#8221;s&#8221;:0.78,&#8221;l&#8221;:0.01}}},&#8221;gradients&#8221;:[]},&#8221;original&#8221;:{&#8220;colors&#8221;:{&#8220;9bd08&#8221;:{&#8220;val&#8221;:&#8221;rgb(19, 114, 211)&#8221;,&#8221;hsl&#8221;:{&#8220;h&#8221;:210,&#8221;s&#8221;:0.83,&#8221;l&#8221;:0.45}}},&#8221;gradients&#8221;:[]}}]}__CONFIG_colors_palette__ <a href=\"#\" style=\"\"> <span style=\"\"><span style=\"\">Planifiez unE CONSULTATION GRATUITE<\/span><\/span> <\/a>          <\/p>\n","protected":false},"excerpt":{"rendered":"<p>__CONFIG_colors_palette__{&#8220;active_palette&#8221;:0,&#8221;config&#8221;:{&#8220;colors&#8221;:{&#8220;62516&#8221;:{&#8220;name&#8221;:&#8221;Main Accent&#8221;,&#8221;parent&#8221;:-1}},&#8221;gradients&#8221;:[]},&#8221;palettes&#8221;:[{&#8220;name&#8221;:&#8221;Default Palette&#8221;,&#8221;value&#8221;:{&#8220;colors&#8221;:{&#8220;62516&#8221;:{&#8220;val&#8221;:&#8221;rgb(213, 63, 30)&#8221;}},&#8221;gradients&#8221;:[]}}]}__CONFIG_colors_palette__ PARLER AVEC UN AGENT __CONFIG_colors_palette__{&#8220;active_palette&#8221;:0,&#8221;config&#8221;:{&#8220;colors&#8221;:{&#8220;62516&#8221;:{&#8220;name&#8221;:&#8221;Main Accent&#8221;,&#8221;parent&#8221;:-1}},&#8221;gradients&#8221;:[]},&#8221;palettes&#8221;:[{&#8220;name&#8221;:&#8221;Default Palette&#8221;,&#8221;value&#8221;:{&#8220;colors&#8221;:{&#8220;62516&#8221;:{&#8220;val&#8221;:&#8221;rgb(37, 211, 102)&#8221;}},&#8221;gradients&#8221;:[]}}]}__CONFIG_colors_palette__ WHATSAPP UN AGENT Votre Agence Immobili\u00e8re Tulum Mexique Tulum Investor IMMOBILIER Tulum Investor a ouvert ses portes en 2018. Au d\u00e9part, nos clients \u00e9taient majoritairement des acheteurs \u00e9trangers. Principalement des \u00c9tats-Unis et du Canada. Quelques Europ\u00e9ens de temps en temps \u00e9galement. [&hellip;]<\/p>\n","protected":false},"author":1,"featured_media":33330,"parent":0,"menu_order":0,"comment_status":"closed","ping_status":"closed","template":"","meta":{"content-type":"","footnotes":""},"class_list":["post-33475","page","type-page","status-publish","has-post-thumbnail","hentry"],"yoast_head":"<!-- This site is optimized with the Yoast SEO plugin v27.4 - https:\/\/yoast.com\/product\/yoast-seo-wordpress\/ -->\n<title>Nous | Tulum Investor<\/title>\n<meta name=\"description\" content=\"Agence Immobili\u00e8re Tulum Mexique: Trouvez la Propri\u00e9t\u00e9 de Vos R\u00eaves \u00e0 Tulum. Explorez +380 maisons et appartements pour investir bien.\" \/>\n<meta name=\"robots\" content=\"index, follow, max-snippet:-1, max-image-preview:large, max-video-preview:-1\" \/>\n<link rel=\"canonical\" href=\"https:\/\/tuluminvestor.com\/fr\/nous\/\" \/>\n<meta property=\"og:locale\" content=\"fr_FR\" \/>\n<meta property=\"og:type\" content=\"article\" \/>\n<meta property=\"og:title\" content=\"Nous | Tulum Investor\" \/>\n<meta property=\"og:description\" content=\"Agence Immobili\u00e8re Tulum Mexique: Trouvez la Propri\u00e9t\u00e9 de Vos R\u00eaves \u00e0 Tulum. Explorez +380 maisons et appartements pour investir bien.\" \/>\n<meta property=\"og:url\" content=\"https:\/\/tuluminvestor.com\/fr\/nous\/\" \/>\n<meta property=\"og:site_name\" content=\"Tulum Investor\" \/>\n<meta property=\"article:publisher\" content=\"https:\/\/www.facebook.com\/tuluminvestor\" \/>\n<meta property=\"article:modified_time\" content=\"2024-04-24T00:30:37+00:00\" \/>\n<meta property=\"og:image\" content=\"https:\/\/tuluminvestor.com\/wp-content\/uploads\/2023\/09\/tuluminvestor.com-brahma-D-PH-Roof-Privado-2-Preliminar.jpg\" \/>\n\t<meta property=\"og:image:width\" content=\"1088\" \/>\n\t<meta property=\"og:image:height\" content=\"604\" \/>\n\t<meta property=\"og:image:type\" content=\"image\/jpeg\" \/>\n<meta name=\"twitter:card\" content=\"summary_large_image\" \/>\n<meta name=\"twitter:label1\" content=\"Dur\u00e9e de lecture estim\u00e9e\" \/>\n\t<meta name=\"twitter:data1\" content=\"2 minutes\" \/>\n<script type=\"application\/ld+json\" class=\"yoast-schema-graph\">{\"@context\":\"https:\\\/\\\/schema.org\",\"@graph\":[{\"@type\":\"WebPage\",\"@id\":\"https:\\\/\\\/tuluminvestor.com\\\/fr\\\/nous\\\/\",\"url\":\"https:\\\/\\\/tuluminvestor.com\\\/fr\\\/nous\\\/\",\"name\":\"Nous | Tulum Investor\",\"isPartOf\":{\"@id\":\"https:\\\/\\\/tuluminvestor.com\\\/fr\\\/#website\"},\"primaryImageOfPage\":{\"@id\":\"https:\\\/\\\/tuluminvestor.com\\\/fr\\\/nous\\\/#primaryimage\"},\"image\":{\"@id\":\"https:\\\/\\\/tuluminvestor.com\\\/fr\\\/nous\\\/#primaryimage\"},\"thumbnailUrl\":\"https:\\\/\\\/tuluminvestor.com\\\/wp-content\\\/uploads\\\/2023\\\/09\\\/tuluminvestor.com-brahma-D-PH-Roof-Privado-2-Preliminar.jpg\",\"datePublished\":\"2024-04-19T13:36:51+00:00\",\"dateModified\":\"2024-04-24T00:30:37+00:00\",\"description\":\"Agence Immobili\u00e8re Tulum Mexique: Trouvez la Propri\u00e9t\u00e9 de Vos R\u00eaves \u00e0 Tulum. Explorez +380 maisons et appartements pour investir bien.\",\"breadcrumb\":{\"@id\":\"https:\\\/\\\/tuluminvestor.com\\\/fr\\\/nous\\\/#breadcrumb\"},\"inLanguage\":\"fr-FR\",\"potentialAction\":[{\"@type\":\"ReadAction\",\"target\":[\"https:\\\/\\\/tuluminvestor.com\\\/fr\\\/nous\\\/\"]}]},{\"@type\":\"ImageObject\",\"inLanguage\":\"fr-FR\",\"@id\":\"https:\\\/\\\/tuluminvestor.com\\\/fr\\\/nous\\\/#primaryimage\",\"url\":\"https:\\\/\\\/tuluminvestor.com\\\/wp-content\\\/uploads\\\/2023\\\/09\\\/tuluminvestor.com-brahma-D-PH-Roof-Privado-2-Preliminar.jpg\",\"contentUrl\":\"https:\\\/\\\/tuluminvestor.com\\\/wp-content\\\/uploads\\\/2023\\\/09\\\/tuluminvestor.com-brahma-D-PH-Roof-Privado-2-Preliminar.jpg\",\"width\":1088,\"height\":604,\"caption\":\"Tulum Investor tulum immobilier agence francophone\"},{\"@type\":\"BreadcrumbList\",\"@id\":\"https:\\\/\\\/tuluminvestor.com\\\/fr\\\/nous\\\/#breadcrumb\",\"itemListElement\":[{\"@type\":\"ListItem\",\"position\":1,\"name\":\"Home\",\"item\":\"https:\\\/\\\/tuluminvestor.com\\\/fr\\\/accueil\\\/\"},{\"@type\":\"ListItem\",\"position\":2,\"name\":\"Nous\"}]},{\"@type\":\"WebSite\",\"@id\":\"https:\\\/\\\/tuluminvestor.com\\\/fr\\\/#website\",\"url\":\"https:\\\/\\\/tuluminvestor.com\\\/fr\\\/\",\"name\":\"Tulum Investor\",\"description\":\"Real Estate Broker in Tulum Mexico\",\"potentialAction\":[{\"@type\":\"SearchAction\",\"target\":{\"@type\":\"EntryPoint\",\"urlTemplate\":\"https:\\\/\\\/tuluminvestor.com\\\/fr\\\/?s={search_term_string}\"},\"query-input\":{\"@type\":\"PropertyValueSpecification\",\"valueRequired\":true,\"valueName\":\"search_term_string\"}}],\"inLanguage\":\"fr-FR\"}]}<\/script>\n<!-- \/ Yoast SEO plugin. -->","yoast_head_json":{"title":"Nous | Tulum Investor","description":"Agence Immobili\u00e8re Tulum Mexique: Trouvez la Propri\u00e9t\u00e9 de Vos R\u00eaves \u00e0 Tulum. Explorez +380 maisons et appartements pour investir bien.","robots":{"index":"index","follow":"follow","max-snippet":"max-snippet:-1","max-image-preview":"max-image-preview:large","max-video-preview":"max-video-preview:-1"},"canonical":"https:\/\/tuluminvestor.com\/fr\/nous\/","og_locale":"fr_FR","og_type":"article","og_title":"Nous | Tulum Investor","og_description":"Agence Immobili\u00e8re Tulum Mexique: Trouvez la Propri\u00e9t\u00e9 de Vos R\u00eaves \u00e0 Tulum. Explorez +380 maisons et appartements pour investir bien.","og_url":"https:\/\/tuluminvestor.com\/fr\/nous\/","og_site_name":"Tulum Investor","article_publisher":"https:\/\/www.facebook.com\/tuluminvestor","article_modified_time":"2024-04-24T00:30:37+00:00","og_image":[{"width":1088,"height":604,"url":"https:\/\/tuluminvestor.com\/wp-content\/uploads\/2023\/09\/tuluminvestor.com-brahma-D-PH-Roof-Privado-2-Preliminar.jpg","type":"image\/jpeg"}],"twitter_card":"summary_large_image","twitter_misc":{"Dur\u00e9e de lecture estim\u00e9e":"2 minutes"},"schema":{"@context":"https:\/\/schema.org","@graph":[{"@type":"WebPage","@id":"https:\/\/tuluminvestor.com\/fr\/nous\/","url":"https:\/\/tuluminvestor.com\/fr\/nous\/","name":"Nous | Tulum Investor","isPartOf":{"@id":"https:\/\/tuluminvestor.com\/fr\/#website"},"primaryImageOfPage":{"@id":"https:\/\/tuluminvestor.com\/fr\/nous\/#primaryimage"},"image":{"@id":"https:\/\/tuluminvestor.com\/fr\/nous\/#primaryimage"},"thumbnailUrl":"https:\/\/tuluminvestor.com\/wp-content\/uploads\/2023\/09\/tuluminvestor.com-brahma-D-PH-Roof-Privado-2-Preliminar.jpg","datePublished":"2024-04-19T13:36:51+00:00","dateModified":"2024-04-24T00:30:37+00:00","description":"Agence Immobili\u00e8re Tulum Mexique: Trouvez la Propri\u00e9t\u00e9 de Vos R\u00eaves \u00e0 Tulum. Explorez +380 maisons et appartements pour investir bien.","breadcrumb":{"@id":"https:\/\/tuluminvestor.com\/fr\/nous\/#breadcrumb"},"inLanguage":"fr-FR","potentialAction":[{"@type":"ReadAction","target":["https:\/\/tuluminvestor.com\/fr\/nous\/"]}]},{"@type":"ImageObject","inLanguage":"fr-FR","@id":"https:\/\/tuluminvestor.com\/fr\/nous\/#primaryimage","url":"https:\/\/tuluminvestor.com\/wp-content\/uploads\/2023\/09\/tuluminvestor.com-brahma-D-PH-Roof-Privado-2-Preliminar.jpg","contentUrl":"https:\/\/tuluminvestor.com\/wp-content\/uploads\/2023\/09\/tuluminvestor.com-brahma-D-PH-Roof-Privado-2-Preliminar.jpg","width":1088,"height":604,"caption":"Tulum Investor tulum immobilier agence francophone"},{"@type":"BreadcrumbList","@id":"https:\/\/tuluminvestor.com\/fr\/nous\/#breadcrumb","itemListElement":[{"@type":"ListItem","position":1,"name":"Home","item":"https:\/\/tuluminvestor.com\/fr\/accueil\/"},{"@type":"ListItem","position":2,"name":"Nous"}]},{"@type":"WebSite","@id":"https:\/\/tuluminvestor.com\/fr\/#website","url":"https:\/\/tuluminvestor.com\/fr\/","name":"Tulum Investor","description":"Real Estate Broker in Tulum Mexico","potentialAction":[{"@type":"SearchAction","target":{"@type":"EntryPoint","urlTemplate":"https:\/\/tuluminvestor.com\/fr\/?s={search_term_string}"},"query-input":{"@type":"PropertyValueSpecification","valueRequired":true,"valueName":"search_term_string"}}],"inLanguage":"fr-FR"}]}},"_links":{"self":[{"href":"https:\/\/tuluminvestor.com\/fr\/wp-json\/wp\/v2\/pages\/33475","targetHints":{"allow":["GET"]}}],"collection":[{"href":"https:\/\/tuluminvestor.com\/fr\/wp-json\/wp\/v2\/pages"}],"about":[{"href":"https:\/\/tuluminvestor.com\/fr\/wp-json\/wp\/v2\/types\/page"}],"author":[{"embeddable":true,"href":"https:\/\/tuluminvestor.com\/fr\/wp-json\/wp\/v2\/users\/1"}],"replies":[{"embeddable":true,"href":"https:\/\/tuluminvestor.com\/fr\/wp-json\/wp\/v2\/comments?post=33475"}],"version-history":[{"count":1,"href":"https:\/\/tuluminvestor.com\/fr\/wp-json\/wp\/v2\/pages\/33475\/revisions"}],"predecessor-version":[{"id":44396,"href":"https:\/\/tuluminvestor.com\/fr\/wp-json\/wp\/v2\/pages\/33475\/revisions\/44396"}],"wp:featuredmedia":[{"embeddable":true,"href":"https:\/\/tuluminvestor.com\/fr\/wp-json\/wp\/v2\/media\/33330"}],"wp:attachment":[{"href":"https:\/\/tuluminvestor.com\/fr\/wp-json\/wp\/v2\/media?parent=33475"}],"curies":[{"name":"wp","href":"https:\/\/api.w.org\/{rel}","templated":true}]}}