{"id":33461,"date":"2024-04-19T08:10:32","date_gmt":"2024-04-19T13:10:32","guid":{"rendered":"https:\/\/tuluminvestor.com\/?page_id=33461"},"modified":"2024-04-23T19:34:20","modified_gmt":"2024-04-24T00:34:20","slug":"recherche","status":"publish","type":"page","link":"https:\/\/tuluminvestor.com\/fr\/recherche\/","title":{"rendered":"Recherche"},"content":{"rendered":"<p> __CONFIG_colors_palette__{&#8220;active_palette&#8221;:0,&#8221;config&#8221;:{&#8220;colors&#8221;:{&#8220;62516&#8221;:{&#8220;name&#8221;:&#8221;Main Accent&#8221;,&#8221;parent&#8221;:-1}},&#8221;gradients&#8221;:[]},&#8221;palettes&#8221;:[{&#8220;name&#8221;:&#8221;Default Palette&#8221;,&#8221;value&#8221;:{&#8220;colors&#8221;:{&#8220;62516&#8221;:{&#8220;val&#8221;:&#8221;rgb(213, 63, 30)&#8221;}},&#8221;gradients&#8221;:[]}}]}__CONFIG_colors_palette__ <a href=\"tel:=+523319756303\" target=\"_blank\" rel=\"noopener\"><span>  <\/span> <span><span style=\"\"><strong>PARLER AVEC UN AGENT<\/strong><\/span><\/span> <\/a>  __CONFIG_colors_palette__{&#8220;active_palette&#8221;:0,&#8221;config&#8221;:{&#8220;colors&#8221;:{&#8220;62516&#8221;:{&#8220;name&#8221;:&#8221;Main Accent&#8221;,&#8221;parent&#8221;:-1}},&#8221;gradients&#8221;:[]},&#8221;palettes&#8221;:[{&#8220;name&#8221;:&#8221;Default Palette&#8221;,&#8221;value&#8221;:{&#8220;colors&#8221;:{&#8220;62516&#8221;:{&#8220;val&#8221;:&#8221;rgb(37, 211, 102)&#8221;}},&#8221;gradients&#8221;:[]}}]}__CONFIG_colors_palette__ <a href=\"https:\/\/api.whatsapp.com\/send?phone=523319756303&amp;text=Salut,%20je%20suis%20int%C3%A9ress%C3%A9(e)%20pour%20acheter%20un%20bien%20immobilier%20%C3%A0%20Tulum.%20J'aurais%20besoin%20de%20plus%20d'infos%20!\" target=\"_blank\" rel=\"noopener\"><span>  <\/span> <span><span style=\"\"><strong>WHATSAPP UN AGENT<\/strong><\/span><\/span> <\/a> <\/p>\n<h1 data-sourcepos=\"3:1-3:62\" style=\"text-align: center;\"><strong>Trouvez la maison ou l&#8217;appartement de <span style=\"--tcb-applied-color: rgb(0, 66, 116) !important; color: rgb(0, 66, 116) !important;\">vos r\u00eaves \u00e0 Tulum&#8230;<\/span><\/strong><\/h1>\n<p data-sourcepos=\"5:1-5:108\" style=\"text-align: center;\"><span style=\"font-size: 22px !important;\">Nous avons acc\u00e8s \u00e0 plus de 300 projets d&#8217;appartements et de maisons neufs en pr\u00e9vente \u00e0 Tulum, Quintana Roo.<\/span><\/p>\n<p data-sourcepos=\"7:1-7:122\" style=\"text-align: center;\"><span style=\"font-size: 22px !important;\">Contactez-nous pour discuter et nous trouverons certainement la propri\u00e9t\u00e9 qui correspond \u00e0 vos pr\u00e9f\u00e9rences et \u00e0 vos go\u00fbts.<\/span><\/p>\n<p data-sourcepos=\"9:1-9:134\" style=\"text-align: center;\"><span style=\"font-size: 22px !important;\">Nous sommes L&#8217;Agence Immobili\u00e8re Tulum Mexique avec des agents experts de la r\u00e9gion et nous connaissons le march\u00e9 local. <\/span><\/p>\n<p data-sourcepos=\"9:1-9:134\" style=\"text-align: center;\"><span style=\"font-size: 22px !important;\">Nous avons les contacts pour trouver ce que vous recherchez!<\/span><\/p>\n<p style=\"text-align: center;\"><strong>Partagez avec vos amis:<\/strong><\/p>\n<p style=\"text-align: center;\"><span style=\"--tcb-text-highlight-color: rgba(243, 116, 12, 0.63) !important;\"><strong>Dites-nous ce que vous recherchez et nous le trouverons pour vous<\/strong>:<\/span><\/p>\n<h2 data-sourcepos=\"3:1-3:50\" style=\"text-align: center;\"><strong><span style=\"--tcb-applied-color: rgb(0, 66, 116) !important; color: rgb(0, 66, 116) !important;\">Agence Immobili\u00e8re<\/span><\/strong><strong> Tulum Mexique<\/strong><\/h2>\n<h2 data-sourcepos=\"3:1-3:50\" style=\"text-align: center;\"><strong>Agents Immobiliers Experts \u00e0&nbsp;<\/strong><strong><span style=\"--tcb-applied-color: rgb(0, 66, 116) !important; color: rgb(0, 66, 116) !important;\">Tulum depuis 2017<\/span><\/strong><\/h2>\n<h2 data-sourcepos=\"5:1-5:35\" style=\"text-align: center;\"><strong>Nos Adh\u00e9sions Professionnelles:<\/strong><\/h2>\n<p><span style=\"\"><img loading=\"lazy\" decoding=\"async\" alt=\"\" data-id=\"20981\" width=\"160\" data-init-width=\"585\" height=\"87\" data-init-height=\"318\" loading=\"lazy\" src=\"https:\/\/tuluminvestor.com\/wp-content\/uploads\/2023\/09\/cips-logo2-compressed-e1695784696479.png\" data-width=\"160\" data-height=\"87\" mt-d=\"0\" ml-d=\"-2.9259999999999877\" style=\"aspect-ratio: auto 585 \/ 318;\"><\/span><span style=\"\"><img loading=\"lazy\" decoding=\"async\" alt=\"\" data-id=\"20974\" width=\"91\" data-init-width=\"263\" height=\"104\" data-init-height=\"300\" title=\"ampi-logo\" loading=\"lazy\" src=\"https:\/\/tuluminvestor.com\/wp-content\/uploads\/2023\/09\/ampi-logo.png\" data-width=\"91\" data-height=\"104\" style=\"aspect-ratio: auto 263 \/ 300;\" mt-d=\"0\" ml-d=\"-2.9259999999999877\"><\/span><span style=\"\"><img loading=\"lazy\" decoding=\"async\" alt=\"\" data-id=\"20984\" width=\"117\" data-init-width=\"450\" height=\"129\" data-init-height=\"499\" title=\"nar logo\" loading=\"lazy\" src=\"https:\/\/tuluminvestor.com\/wp-content\/uploads\/2023\/09\/nar-logo.webp\" data-width=\"117\" data-height=\"129\" style=\"aspect-ratio: auto 450 \/ 499;\" mt-d=\"0\" ml-d=\"-2.9259999999999877\"><\/span><span style=\"\"><img loading=\"lazy\" decoding=\"async\" alt=\"\" data-id=\"20987\" width=\"255\" data-init-width=\"300\" height=\"107\" data-init-height=\"126\" title=\"Screenshot 2023-09-26 at 10.28.08 p.m.-resized\" loading=\"lazy\" src=\"https:\/\/tuluminvestor.com\/wp-content\/uploads\/2023\/09\/Screenshot-2023-09-26-at-10.28.08-p.m.-resized.jpg\" data-width=\"255\" data-height=\"107\" style=\"aspect-ratio: auto 300 \/ 126;\" mt-d=\"0\" ml-d=\"-2.9259999999999877\"><\/span><\/p>\n","protected":false},"excerpt":{"rendered":"<p>__CONFIG_colors_palette__{&#8220;active_palette&#8221;:0,&#8221;config&#8221;:{&#8220;colors&#8221;:{&#8220;62516&#8221;:{&#8220;name&#8221;:&#8221;Main Accent&#8221;,&#8221;parent&#8221;:-1}},&#8221;gradients&#8221;:[]},&#8221;palettes&#8221;:[{&#8220;name&#8221;:&#8221;Default Palette&#8221;,&#8221;value&#8221;:{&#8220;colors&#8221;:{&#8220;62516&#8221;:{&#8220;val&#8221;:&#8221;rgb(213, 63, 30)&#8221;}},&#8221;gradients&#8221;:[]}}]}__CONFIG_colors_palette__ PARLER AVEC UN AGENT __CONFIG_colors_palette__{&#8220;active_palette&#8221;:0,&#8221;config&#8221;:{&#8220;colors&#8221;:{&#8220;62516&#8221;:{&#8220;name&#8221;:&#8221;Main Accent&#8221;,&#8221;parent&#8221;:-1}},&#8221;gradients&#8221;:[]},&#8221;palettes&#8221;:[{&#8220;name&#8221;:&#8221;Default Palette&#8221;,&#8221;value&#8221;:{&#8220;colors&#8221;:{&#8220;62516&#8221;:{&#8220;val&#8221;:&#8221;rgb(37, 211, 102)&#8221;}},&#8221;gradients&#8221;:[]}}]}__CONFIG_colors_palette__ WHATSAPP UN AGENT Trouvez la maison ou l&#8217;appartement de vos r\u00eaves \u00e0 Tulum&#8230; Nous avons acc\u00e8s \u00e0 plus de 300 projets d&#8217;appartements et de maisons neufs en pr\u00e9vente \u00e0 Tulum, Quintana Roo. Contactez-nous pour discuter et nous trouverons certainement la propri\u00e9t\u00e9 [&hellip;]<\/p>\n","protected":false},"author":1,"featured_media":28047,"parent":0,"menu_order":0,"comment_status":"closed","ping_status":"closed","template":"","meta":{"content-type":"","footnotes":""},"class_list":["post-33461","page","type-page","status-publish","has-post-thumbnail","hentry"],"yoast_head":"<!-- This site is optimized with the Yoast SEO plugin v27.4 - https:\/\/yoast.com\/product\/yoast-seo-wordpress\/ -->\n<title>Recherche | Tulum Investor<\/title>\n<meta name=\"description\" content=\"Votre Chasseur Immobilier \u00e0 Tulum. Nous trouvons La propri\u00e9t\u00e9 que vous cherchez, m\u00eame hors march\u00e9. Demandez une recherche gratuite! Contactez\" \/>\n<meta name=\"robots\" content=\"noindex, follow\" \/>\n<meta property=\"og:locale\" content=\"fr_FR\" \/>\n<meta property=\"og:type\" content=\"article\" \/>\n<meta property=\"og:title\" content=\"Recherche | Tulum Investor\" \/>\n<meta property=\"og:description\" content=\"Votre Chasseur Immobilier \u00e0 Tulum. Nous trouvons La propri\u00e9t\u00e9 que vous cherchez, m\u00eame hors march\u00e9. Demandez une recherche gratuite! Contactez\" \/>\n<meta property=\"og:url\" content=\"https:\/\/tuluminvestor.com\/fr\/recherche\/\" \/>\n<meta property=\"og:site_name\" content=\"Tulum Investor\" \/>\n<meta property=\"article:publisher\" content=\"https:\/\/www.facebook.com\/tuluminvestor\" \/>\n<meta property=\"article:modified_time\" content=\"2024-04-24T00:34:20+00:00\" \/>\n<meta property=\"og:image\" content=\"https:\/\/tuluminvestor.com\/wp-content\/uploads\/2024\/03\/tuluminvestor.com-cautiva-012-Rooftop_1.jpg\" \/>\n\t<meta property=\"og:image:width\" content=\"900\" \/>\n\t<meta property=\"og:image:height\" content=\"506\" \/>\n\t<meta property=\"og:image:type\" content=\"image\/jpeg\" \/>\n<meta name=\"twitter:card\" content=\"summary_large_image\" \/>\n<meta name=\"twitter:label1\" content=\"Dur\u00e9e de lecture estim\u00e9e\" \/>\n\t<meta name=\"twitter:data1\" content=\"2 minutes\" \/>\n<script type=\"application\/ld+json\" class=\"yoast-schema-graph\">{\"@context\":\"https:\\\/\\\/schema.org\",\"@graph\":[{\"@type\":\"WebPage\",\"@id\":\"https:\\\/\\\/tuluminvestor.com\\\/fr\\\/recherche\\\/\",\"url\":\"https:\\\/\\\/tuluminvestor.com\\\/fr\\\/recherche\\\/\",\"name\":\"Recherche | Tulum Investor\",\"isPartOf\":{\"@id\":\"https:\\\/\\\/tuluminvestor.com\\\/fr\\\/#website\"},\"primaryImageOfPage\":{\"@id\":\"https:\\\/\\\/tuluminvestor.com\\\/fr\\\/recherche\\\/#primaryimage\"},\"image\":{\"@id\":\"https:\\\/\\\/tuluminvestor.com\\\/fr\\\/recherche\\\/#primaryimage\"},\"thumbnailUrl\":\"https:\\\/\\\/tuluminvestor.com\\\/wp-content\\\/uploads\\\/2024\\\/03\\\/tuluminvestor.com-cautiva-012-Rooftop_1.jpg\",\"datePublished\":\"2024-04-19T13:10:32+00:00\",\"dateModified\":\"2024-04-24T00:34:20+00:00\",\"description\":\"Votre Chasseur Immobilier \u00e0 Tulum. Nous trouvons La propri\u00e9t\u00e9 que vous cherchez, m\u00eame hors march\u00e9. Demandez une recherche gratuite! Contactez\",\"breadcrumb\":{\"@id\":\"https:\\\/\\\/tuluminvestor.com\\\/fr\\\/recherche\\\/#breadcrumb\"},\"inLanguage\":\"fr-FR\",\"potentialAction\":[{\"@type\":\"ReadAction\",\"target\":[\"https:\\\/\\\/tuluminvestor.com\\\/fr\\\/recherche\\\/\"]}]},{\"@type\":\"ImageObject\",\"inLanguage\":\"fr-FR\",\"@id\":\"https:\\\/\\\/tuluminvestor.com\\\/fr\\\/recherche\\\/#primaryimage\",\"url\":\"https:\\\/\\\/tuluminvestor.com\\\/wp-content\\\/uploads\\\/2024\\\/03\\\/tuluminvestor.com-cautiva-012-Rooftop_1.jpg\",\"contentUrl\":\"https:\\\/\\\/tuluminvestor.com\\\/wp-content\\\/uploads\\\/2024\\\/03\\\/tuluminvestor.com-cautiva-012-Rooftop_1.jpg\",\"width\":900,\"height\":506,\"caption\":\"cautiva new condos in aldea zama - venta de departamentos en tulum\"},{\"@type\":\"BreadcrumbList\",\"@id\":\"https:\\\/\\\/tuluminvestor.com\\\/fr\\\/recherche\\\/#breadcrumb\",\"itemListElement\":[{\"@type\":\"ListItem\",\"position\":1,\"name\":\"Home\",\"item\":\"https:\\\/\\\/tuluminvestor.com\\\/fr\\\/accueil\\\/\"},{\"@type\":\"ListItem\",\"position\":2,\"name\":\"Recherche\"}]},{\"@type\":\"WebSite\",\"@id\":\"https:\\\/\\\/tuluminvestor.com\\\/fr\\\/#website\",\"url\":\"https:\\\/\\\/tuluminvestor.com\\\/fr\\\/\",\"name\":\"Tulum Investor\",\"description\":\"Real Estate Broker in Tulum Mexico\",\"potentialAction\":[{\"@type\":\"SearchAction\",\"target\":{\"@type\":\"EntryPoint\",\"urlTemplate\":\"https:\\\/\\\/tuluminvestor.com\\\/fr\\\/?s={search_term_string}\"},\"query-input\":{\"@type\":\"PropertyValueSpecification\",\"valueRequired\":true,\"valueName\":\"search_term_string\"}}],\"inLanguage\":\"fr-FR\"}]}<\/script>\n<!-- \/ Yoast SEO plugin. -->","yoast_head_json":{"title":"Recherche | Tulum Investor","description":"Votre Chasseur Immobilier \u00e0 Tulum. Nous trouvons La propri\u00e9t\u00e9 que vous cherchez, m\u00eame hors march\u00e9. Demandez une recherche gratuite! Contactez","robots":{"index":"noindex","follow":"follow"},"og_locale":"fr_FR","og_type":"article","og_title":"Recherche | Tulum Investor","og_description":"Votre Chasseur Immobilier \u00e0 Tulum. Nous trouvons La propri\u00e9t\u00e9 que vous cherchez, m\u00eame hors march\u00e9. Demandez une recherche gratuite! Contactez","og_url":"https:\/\/tuluminvestor.com\/fr\/recherche\/","og_site_name":"Tulum Investor","article_publisher":"https:\/\/www.facebook.com\/tuluminvestor","article_modified_time":"2024-04-24T00:34:20+00:00","og_image":[{"width":900,"height":506,"url":"https:\/\/tuluminvestor.com\/wp-content\/uploads\/2024\/03\/tuluminvestor.com-cautiva-012-Rooftop_1.jpg","type":"image\/jpeg"}],"twitter_card":"summary_large_image","twitter_misc":{"Dur\u00e9e de lecture estim\u00e9e":"2 minutes"},"schema":{"@context":"https:\/\/schema.org","@graph":[{"@type":"WebPage","@id":"https:\/\/tuluminvestor.com\/fr\/recherche\/","url":"https:\/\/tuluminvestor.com\/fr\/recherche\/","name":"Recherche | Tulum Investor","isPartOf":{"@id":"https:\/\/tuluminvestor.com\/fr\/#website"},"primaryImageOfPage":{"@id":"https:\/\/tuluminvestor.com\/fr\/recherche\/#primaryimage"},"image":{"@id":"https:\/\/tuluminvestor.com\/fr\/recherche\/#primaryimage"},"thumbnailUrl":"https:\/\/tuluminvestor.com\/wp-content\/uploads\/2024\/03\/tuluminvestor.com-cautiva-012-Rooftop_1.jpg","datePublished":"2024-04-19T13:10:32+00:00","dateModified":"2024-04-24T00:34:20+00:00","description":"Votre Chasseur Immobilier \u00e0 Tulum. Nous trouvons La propri\u00e9t\u00e9 que vous cherchez, m\u00eame hors march\u00e9. Demandez une recherche gratuite! Contactez","breadcrumb":{"@id":"https:\/\/tuluminvestor.com\/fr\/recherche\/#breadcrumb"},"inLanguage":"fr-FR","potentialAction":[{"@type":"ReadAction","target":["https:\/\/tuluminvestor.com\/fr\/recherche\/"]}]},{"@type":"ImageObject","inLanguage":"fr-FR","@id":"https:\/\/tuluminvestor.com\/fr\/recherche\/#primaryimage","url":"https:\/\/tuluminvestor.com\/wp-content\/uploads\/2024\/03\/tuluminvestor.com-cautiva-012-Rooftop_1.jpg","contentUrl":"https:\/\/tuluminvestor.com\/wp-content\/uploads\/2024\/03\/tuluminvestor.com-cautiva-012-Rooftop_1.jpg","width":900,"height":506,"caption":"cautiva new condos in aldea zama - venta de departamentos en tulum"},{"@type":"BreadcrumbList","@id":"https:\/\/tuluminvestor.com\/fr\/recherche\/#breadcrumb","itemListElement":[{"@type":"ListItem","position":1,"name":"Home","item":"https:\/\/tuluminvestor.com\/fr\/accueil\/"},{"@type":"ListItem","position":2,"name":"Recherche"}]},{"@type":"WebSite","@id":"https:\/\/tuluminvestor.com\/fr\/#website","url":"https:\/\/tuluminvestor.com\/fr\/","name":"Tulum Investor","description":"Real Estate Broker in Tulum Mexico","potentialAction":[{"@type":"SearchAction","target":{"@type":"EntryPoint","urlTemplate":"https:\/\/tuluminvestor.com\/fr\/?s={search_term_string}"},"query-input":{"@type":"PropertyValueSpecification","valueRequired":true,"valueName":"search_term_string"}}],"inLanguage":"fr-FR"}]}},"_links":{"self":[{"href":"https:\/\/tuluminvestor.com\/fr\/wp-json\/wp\/v2\/pages\/33461","targetHints":{"allow":["GET"]}}],"collection":[{"href":"https:\/\/tuluminvestor.com\/fr\/wp-json\/wp\/v2\/pages"}],"about":[{"href":"https:\/\/tuluminvestor.com\/fr\/wp-json\/wp\/v2\/types\/page"}],"author":[{"embeddable":true,"href":"https:\/\/tuluminvestor.com\/fr\/wp-json\/wp\/v2\/users\/1"}],"replies":[{"embeddable":true,"href":"https:\/\/tuluminvestor.com\/fr\/wp-json\/wp\/v2\/comments?post=33461"}],"version-history":[{"count":1,"href":"https:\/\/tuluminvestor.com\/fr\/wp-json\/wp\/v2\/pages\/33461\/revisions"}],"predecessor-version":[{"id":44398,"href":"https:\/\/tuluminvestor.com\/fr\/wp-json\/wp\/v2\/pages\/33461\/revisions\/44398"}],"wp:featuredmedia":[{"embeddable":true,"href":"https:\/\/tuluminvestor.com\/fr\/wp-json\/wp\/v2\/media\/28047"}],"wp:attachment":[{"href":"https:\/\/tuluminvestor.com\/fr\/wp-json\/wp\/v2\/media?parent=33461"}],"curies":[{"name":"wp","href":"https:\/\/api.w.org\/{rel}","templated":true}]}}