{"id":44812,"date":"2016-01-21T19:40:09","date_gmt":"2016-01-22T00:40:09","guid":{"rendered":"https:\/\/tuluminvestor.com\/busqueda-avanzada\/"},"modified":"2024-04-24T17:12:00","modified_gmt":"2024-04-24T22:12:00","slug":"busqueda-avanzada","status":"publish","type":"page","link":"https:\/\/tuluminvestor.com\/es\/busqueda-avanzada\/","title":{"rendered":"B\u00fasqueda avanzada"},"content":{"rendered":"\t\t<div data-elementor-type=\"wp-page\" data-elementor-id=\"44812\" class=\"elementor elementor-44812 elementor-41\">\n\t\t\t\t\t\t<section class=\"elementor-section elementor-top-section elementor-element elementor-element-457c84f elementor-section-boxed elementor-section-height-default elementor-section-height-default\" data-id=\"457c84f\" data-element_type=\"section\" data-e-type=\"section\">\n\t\t\t\t\t\t<div class=\"elementor-container elementor-column-gap-default\">\n\t\t\t\t\t<div class=\"elementor-column elementor-col-100 elementor-top-column elementor-element elementor-element-4c6f54e1\" data-id=\"4c6f54e1\" data-element_type=\"column\" data-e-type=\"column\">\n\t\t\t<div class=\"elementor-widget-wrap elementor-element-populated\">\n\t\t\t\t\t\t<div class=\"elementor-element elementor-element-43528d21 elementor-widget elementor-widget-text-editor\" data-id=\"43528d21\" data-element_type=\"widget\" data-e-type=\"widget\" data-widget_type=\"text-editor.default\">\n\t\t\t\t<div class=\"elementor-widget-container\">\n\t\t\t\t\t\t\t\t\t<p><\/p>\n<h1 style=\"text-align: center;\">2024 Nuevos pisos y casas en venta en Tulum<\/h1>\n<h1 style=\"text-align: center;\">Motor de b\u00fasqueda:<\/h1>\n<p> <\/p>\n<div style=\"text-align: center;\">\u00a1ENCUENTRA <strong>HOY<\/strong> TU NUEVA CASA EN TULUM <strong>!<\/strong><\/div>\n<div style=\"text-align: center;\"> <\/div>\n<div style=\"text-align: center;\">Seleccionamos <strong>+380<\/strong> Excepcionales Propiedades De Inversi\u00f3n Para Comprar En Las Mejores <a href=\"https:\/\/tuluminvestor.com\/tulum-neighborhoods\/\">Ubicaciones<\/a> De Tulum M\u00e9xico.<\/div>\n<p><\/p>\t\t\t\t\t\t\t\t<\/div>\n\t\t\t\t<\/div>\n\t\t\t\t\t<\/div>\n\t\t<\/div>\n\t\t\t\t\t<\/div>\n\t\t<\/section>\n\t\t\t\t<section class=\"elementor-section elementor-top-section elementor-element elementor-element-030ce30 elementor-section-boxed elementor-section-height-default elementor-section-height-default\" data-id=\"030ce30\" data-element_type=\"section\" data-e-type=\"section\">\n\t\t\t\t\t\t<div class=\"elementor-container elementor-column-gap-default\">\n\t\t\t\t\t<div class=\"elementor-column elementor-col-100 elementor-top-column elementor-element elementor-element-bc5e667\" data-id=\"bc5e667\" data-element_type=\"column\" data-e-type=\"column\">\n\t\t\t<div class=\"elementor-widget-wrap elementor-element-populated\">\n\t\t\t\t\t\t<div class=\"elementor-element elementor-element-bee5a64 elementor-button-align-stretch elementor-widget elementor-widget-houzez_elementor_search_builder\" data-id=\"bee5a64\" data-element_type=\"widget\" data-e-type=\"widget\" data-widget_type=\"houzez_elementor_search_builder.default\">\n\t\t\t\t<div class=\"elementor-widget-container\">\n\t\t\t\t\t\n        <form class=\"houzez-search-form-js houzez-search-builder-form-js\" id=\"houzez-search-bee5a64\" method=\"get\" action=\"https:\/\/tuluminvestor.com\/es\/busqueda-avanzada\/\" >\n\n            \n            <ul id=\"houzez-search-tabs-wrap\" class=\"houzez-status-tabs nav nav-pills\" role=\"tablist\" data-bs-toggle=\"buttons\">\n            \n                \n                                <input type=\"hidden\" name=\"location[]\" id=\"search-tabs\" value=\"\">\n            <\/ul>\n            \n            <div class=\"houzez-search-builder-wrapper\">\n\n                <div class=\"houzez-ele-search-form-wrapper elementor-form-fields-wrapper elementor-labels-above\">\n\n                                            <div class=\"elementor-field-group elementor-column form-group elementor-field-group-7f6a687 elementor-col-100\">\n                    <label for=\"form-field-7f6a687\" class=\"elementor-field-label elementor-screen-only\">Tipo<\/label>        <div class=\"elementor-field elementor-select-wrapper form-group\">\n            <select data-size=\"5\" name=\"type[]\" id=\"form-field-7f6a687\" class=\"selectpicker bs-select-hidden houzez-field-textual form-control elementor-size-xl \" data-none-results-text=\"No results matched {0}\">\n                <option value=\"\">\u00bfQu\u00e9 te gustar\u00eda comprar?<\/option><option data-ref=\"atico\"   value=\"atico\">\u00c1tico<\/option><option data-ref=\"casas-jungla\"   value=\"casas-jungla\">Casas Jungla<\/option><option data-ref=\"condominios\"   value=\"condominios\">Condominios<\/option><option data-ref=\"frente-a-la-playa\"   value=\"frente-a-la-playa\">Frente a la playa<\/option><option data-ref=\"lotes\"   value=\"lotes\">Lotes<\/option><option data-ref=\"viviendas\"   value=\"viviendas\">Viviendas<\/option>            <\/select>\n        <\/div>\n                            <\/div>\n                                <div class=\"elementor-field-group elementor-column form-group elementor-field-group-field-max-price elementor-col-100 elementor-sm-100\">\n                    <label for=\"form-field-field-max-price\" class=\"elementor-field-label elementor-screen-only\">M\u00e1x. Precio<\/label>        <div class=\"prices-for-all elementor-field elementor-select-wrapper\">\n            <select data-size=\"5\" name=\"max-price\" id=\"form-field-field-max-price\" class=\"selectpicker bs-select-hidden houzez-field-textual form-control elementor-size-xl\">\n                <option value=\"\">\u00bfCu\u00e1nto quieres invertir?<\/option><option value=\"any\">Any<\/option><option value=\"150000\">$150,000<\/option><option value=\"200000\">$200,000<\/option><option value=\"300000\">$300,000<\/option><option value=\"400000\">$400,000<\/option><option value=\"500000\">$500,000<\/option><option value=\"600000\">$600,000<\/option><option value=\"700000\">$700,000<\/option><option value=\"800000\">$800,000<\/option><option value=\"900000\">$900,000<\/option><option value=\"1000000\">$1,000,000<\/option><option value=\"1500000\">$1,500,000<\/option><option value=\"2000000\">$2,000,000<\/option><option value=\"2500000\">$2,500,000<\/option><option value=\"5000000\">$5,000,000<\/option><option value=\"20000000\">$20,000,000<\/option>\n            <\/select><!-- selectpicker -->\n        <\/div><!-- form-group -->\n\n        <div class=\"hide prices-only-for-rent elementor-field elementor-select-wrapper\">\n            <select data-size=\"5\" name=\"max-price\" id=\"form-field-field-max-price\" class=\"selectpicker bs-select-hidden houzez-field-textual form-control elementor-size-xl\">\n                <option value=\"\">\u00bfCu\u00e1nto quieres invertir?<\/option><option value=\"any\">Any<\/option><option value=\"200000\">$200,000<\/option><option value=\"300000\">$300,000<\/option><option value=\"400000\">$400,000<\/option><option value=\"500000\">$500,000<\/option><option value=\"600000\">$600,000<\/option><option value=\"700000\">$700,000<\/option><option value=\"800000\">$800,000<\/option><option value=\"900000\">$900,000<\/option><option value=\"1000000\">$1,000,000<\/option><option value=\"1500000\">$1,500,000<\/option><option value=\"2000000\">$2,000,000<\/option><option value=\"2500000\">$2,500,000<\/option><option value=\"5000000\">$5,000,000<\/option><option value=\"20000000\">$20,000,000<\/option>\n            <\/select><!-- selectpicker -->\n        <\/div><!-- form-group -->\n                            <\/div>\n                                    <div class=\"elementor-field-group elementor-column elementor-field-type-submit elementor-col-100 elementor-sm-100\">\n                                <button type=\"submit\" class=\"houzez-search-button btn-primary elementor-button elementor-size-xl\">\n                                                                            ENCONTRAR MI NUEVO HOGAR EN TULUM                                                                    <\/button>\n                            <\/div>\n                            \n                <\/div><!-- End main wrapper-->\n\n                            <\/div> <!-- End houzez-search-builder-wrapper -->\n        <\/form>\n\n        \t\t\t\t<\/div>\n\t\t\t\t<\/div>\n\t\t\t\t<div class=\"elementor-element elementor-element-6ce79e1 elementor-widget elementor-widget-spacer\" data-id=\"6ce79e1\" data-element_type=\"widget\" data-e-type=\"widget\" data-widget_type=\"spacer.default\">\n\t\t\t\t<div class=\"elementor-widget-container\">\n\t\t\t\t\t\t\t<div class=\"elementor-spacer\">\n\t\t\t<div class=\"elementor-spacer-inner\"><\/div>\n\t\t<\/div>\n\t\t\t\t\t\t<\/div>\n\t\t\t\t<\/div>\n\t\t\t\t\t<\/div>\n\t\t<\/div>\n\t\t\t\t\t<\/div>\n\t\t<\/section>\n\t\t\t\t<\/div>\n\t\t","protected":false},"excerpt":{"rendered":"<p>2024 Nuevos pisos y casas en venta en Tulum Motor de b\u00fasqueda: \u00a1ENCUENTRA HOY TU NUEVA CASA EN TULUM ! Seleccionamos +380 Excepcionales Propiedades De Inversi\u00f3n Para Comprar En Las Mejores Ubicaciones De Tulum M\u00e9xico. Tipo \u00bfQu\u00e9 te gustar\u00eda comprar?BeachfrontCondosHomesJungle HomesLotsPenthouse M\u00e1x. Precio \u00bfCu\u00e1nto quieres invertir?Any$150,000$200,000$300,000$400,000$500,000$600,000$700,000$800,000$900,000$1,000,000$1,500,000$2,000,000$2,500,000$5,000,000$20,000,000 \u00bfCu\u00e1nto quieres invertir?Any$200,000$300,000$400,000$500,000$600,000$700,000$800,000$900,000$1,000,000$1,500,000$2,000,000$2,500,000$5,000,000$20,000,000 ENCONTRAR MI NUEVO HOGAR EN TULUM<\/p>\n","protected":false},"author":1,"featured_media":0,"parent":0,"menu_order":0,"comment_status":"closed","ping_status":"closed","template":"template\/template-search.php","meta":{"content-type":"","footnotes":""},"class_list":["post-44812","page","type-page","status-publish","hentry"],"yoast_head":"<!-- This site is optimized with the Yoast SEO plugin v27.4 - https:\/\/yoast.com\/product\/yoast-seo-wordpress\/ -->\n<title>2024 Nuevo buscador de pisos y casas en Tulum<\/title>\n<meta name=\"description\" content=\"+380 nuevos pisos y casas en venta en Tulum. Propiedades de inversi\u00f3n destacadas. Encuentra aqu\u00ed tu nueva casa en Tulum. Mira aqu\u00ed...\" \/>\n<meta name=\"robots\" content=\"index, follow, max-snippet:-1, max-image-preview:large, max-video-preview:-1\" \/>\n<link rel=\"canonical\" href=\"https:\/\/tuluminvestor.com\/es\/busqueda-avanzada\/\" \/>\n<meta property=\"og:locale\" content=\"es_ES\" \/>\n<meta property=\"og:type\" content=\"article\" \/>\n<meta property=\"og:title\" content=\"2024 Nuevo buscador de pisos y casas en Tulum\" \/>\n<meta property=\"og:description\" content=\"+380 nuevos pisos y casas en venta en Tulum. Propiedades de inversi\u00f3n destacadas. Encuentra aqu\u00ed tu nueva casa en Tulum. Mira aqu\u00ed...\" \/>\n<meta property=\"og:url\" content=\"https:\/\/tuluminvestor.com\/es\/busqueda-avanzada\/\" \/>\n<meta property=\"og:site_name\" content=\"Tulum Investor\" \/>\n<meta property=\"article:publisher\" content=\"https:\/\/www.facebook.com\/tuluminvestor\" \/>\n<meta property=\"article:modified_time\" content=\"2024-04-24T22:12:00+00:00\" \/>\n<meta name=\"twitter:card\" content=\"summary_large_image\" \/>\n<script type=\"application\/ld+json\" class=\"yoast-schema-graph\">{\"@context\":\"https:\\\/\\\/schema.org\",\"@graph\":[{\"@type\":\"WebPage\",\"@id\":\"https:\\\/\\\/tuluminvestor.com\\\/es\\\/busqueda-avanzada\\\/\",\"url\":\"https:\\\/\\\/tuluminvestor.com\\\/es\\\/busqueda-avanzada\\\/\",\"name\":\"2024 Nuevo buscador de pisos y casas en Tulum\",\"isPartOf\":{\"@id\":\"https:\\\/\\\/tuluminvestor.com\\\/es\\\/#website\"},\"datePublished\":\"2016-01-22T00:40:09+00:00\",\"dateModified\":\"2024-04-24T22:12:00+00:00\",\"description\":\"+380 nuevos pisos y casas en venta en Tulum. Propiedades de inversi\u00f3n destacadas. Encuentra aqu\u00ed tu nueva casa en Tulum. Mira aqu\u00ed...\",\"breadcrumb\":{\"@id\":\"https:\\\/\\\/tuluminvestor.com\\\/es\\\/busqueda-avanzada\\\/#breadcrumb\"},\"inLanguage\":\"es\",\"potentialAction\":[{\"@type\":\"ReadAction\",\"target\":[\"https:\\\/\\\/tuluminvestor.com\\\/es\\\/busqueda-avanzada\\\/\"]}]},{\"@type\":\"BreadcrumbList\",\"@id\":\"https:\\\/\\\/tuluminvestor.com\\\/es\\\/busqueda-avanzada\\\/#breadcrumb\",\"itemListElement\":[{\"@type\":\"ListItem\",\"position\":1,\"name\":\"Home\",\"item\":\"https:\\\/\\\/tuluminvestor.com\\\/es\\\/inicio\\\/\"},{\"@type\":\"ListItem\",\"position\":2,\"name\":\"B\u00fasqueda avanzada\"}]},{\"@type\":\"WebSite\",\"@id\":\"https:\\\/\\\/tuluminvestor.com\\\/es\\\/#website\",\"url\":\"https:\\\/\\\/tuluminvestor.com\\\/es\\\/\",\"name\":\"Tulum Investor\",\"description\":\"Real Estate Broker in Tulum Mexico\",\"potentialAction\":[{\"@type\":\"SearchAction\",\"target\":{\"@type\":\"EntryPoint\",\"urlTemplate\":\"https:\\\/\\\/tuluminvestor.com\\\/es\\\/?s={search_term_string}\"},\"query-input\":{\"@type\":\"PropertyValueSpecification\",\"valueRequired\":true,\"valueName\":\"search_term_string\"}}],\"inLanguage\":\"es\"}]}<\/script>\n<!-- \/ Yoast SEO plugin. -->","yoast_head_json":{"title":"2024 Nuevo buscador de pisos y casas en Tulum","description":"+380 nuevos pisos y casas en venta en Tulum. Propiedades de inversi\u00f3n destacadas. Encuentra aqu\u00ed tu nueva casa en Tulum. Mira aqu\u00ed...","robots":{"index":"index","follow":"follow","max-snippet":"max-snippet:-1","max-image-preview":"max-image-preview:large","max-video-preview":"max-video-preview:-1"},"canonical":"https:\/\/tuluminvestor.com\/es\/busqueda-avanzada\/","og_locale":"es_ES","og_type":"article","og_title":"2024 Nuevo buscador de pisos y casas en Tulum","og_description":"+380 nuevos pisos y casas en venta en Tulum. Propiedades de inversi\u00f3n destacadas. Encuentra aqu\u00ed tu nueva casa en Tulum. Mira aqu\u00ed...","og_url":"https:\/\/tuluminvestor.com\/es\/busqueda-avanzada\/","og_site_name":"Tulum Investor","article_publisher":"https:\/\/www.facebook.com\/tuluminvestor","article_modified_time":"2024-04-24T22:12:00+00:00","twitter_card":"summary_large_image","schema":{"@context":"https:\/\/schema.org","@graph":[{"@type":"WebPage","@id":"https:\/\/tuluminvestor.com\/es\/busqueda-avanzada\/","url":"https:\/\/tuluminvestor.com\/es\/busqueda-avanzada\/","name":"2024 Nuevo buscador de pisos y casas en Tulum","isPartOf":{"@id":"https:\/\/tuluminvestor.com\/es\/#website"},"datePublished":"2016-01-22T00:40:09+00:00","dateModified":"2024-04-24T22:12:00+00:00","description":"+380 nuevos pisos y casas en venta en Tulum. Propiedades de inversi\u00f3n destacadas. Encuentra aqu\u00ed tu nueva casa en Tulum. Mira aqu\u00ed...","breadcrumb":{"@id":"https:\/\/tuluminvestor.com\/es\/busqueda-avanzada\/#breadcrumb"},"inLanguage":"es","potentialAction":[{"@type":"ReadAction","target":["https:\/\/tuluminvestor.com\/es\/busqueda-avanzada\/"]}]},{"@type":"BreadcrumbList","@id":"https:\/\/tuluminvestor.com\/es\/busqueda-avanzada\/#breadcrumb","itemListElement":[{"@type":"ListItem","position":1,"name":"Home","item":"https:\/\/tuluminvestor.com\/es\/inicio\/"},{"@type":"ListItem","position":2,"name":"B\u00fasqueda avanzada"}]},{"@type":"WebSite","@id":"https:\/\/tuluminvestor.com\/es\/#website","url":"https:\/\/tuluminvestor.com\/es\/","name":"Tulum Investor","description":"Real Estate Broker in Tulum Mexico","potentialAction":[{"@type":"SearchAction","target":{"@type":"EntryPoint","urlTemplate":"https:\/\/tuluminvestor.com\/es\/?s={search_term_string}"},"query-input":{"@type":"PropertyValueSpecification","valueRequired":true,"valueName":"search_term_string"}}],"inLanguage":"es"}]}},"_links":{"self":[{"href":"https:\/\/tuluminvestor.com\/es\/wp-json\/wp\/v2\/pages\/44812","targetHints":{"allow":["GET"]}}],"collection":[{"href":"https:\/\/tuluminvestor.com\/es\/wp-json\/wp\/v2\/pages"}],"about":[{"href":"https:\/\/tuluminvestor.com\/es\/wp-json\/wp\/v2\/types\/page"}],"author":[{"embeddable":true,"href":"https:\/\/tuluminvestor.com\/es\/wp-json\/wp\/v2\/users\/1"}],"replies":[{"embeddable":true,"href":"https:\/\/tuluminvestor.com\/es\/wp-json\/wp\/v2\/comments?post=44812"}],"version-history":[{"count":3,"href":"https:\/\/tuluminvestor.com\/es\/wp-json\/wp\/v2\/pages\/44812\/revisions"}],"predecessor-version":[{"id":44815,"href":"https:\/\/tuluminvestor.com\/es\/wp-json\/wp\/v2\/pages\/44812\/revisions\/44815"}],"wp:attachment":[{"href":"https:\/\/tuluminvestor.com\/es\/wp-json\/wp\/v2\/media?parent=44812"}],"curies":[{"name":"wp","href":"https:\/\/api.w.org\/{rel}","templated":true}]}}